{"id":2986,"date":"2021-05-08T16:13:20","date_gmt":"2021-05-08T14:13:20","guid":{"rendered":"https:\/\/alliances-globalsolutions.com\/natural-food\/"},"modified":"2021-05-08T16:13:58","modified_gmt":"2021-05-08T14:13:58","slug":"natural-food","status":"publish","type":"page","link":"https:\/\/alliances-globalsolutions.com\/fr\/natural-food\/","title":{"rendered":"Natural food"},"content":{"rendered":"<div id='av-layout-grid-1'  class='av-layout-grid-container entry-content-wrapper main_color av-flex-cells     avia-builder-el-0  el_before_av_one_full  avia-builder-el-first  container_wrap sidebar_right' style=' '  >\n<div class=\"flex_cell no_margin av_one_half  avia-builder-el-1  el_before_av_cell_one_half  avia-builder-el-first   avia-full-stretch \"  style='height:500px; min-height:500px;background: #22689e; vertical-align:middle; padding:80px; background-color:#22689e; ' ><div class='flex_cell_inner' ><p><div  style='padding-bottom:25px; color:#ffffff;font-size:34px;' class='av-special-heading av-special-heading-h1 custom-color-heading blockquote modern-quote  avia-builder-el-2  el_before_av_textblock  avia-builder-el-first  av-inherit-size '><h1 class='av-special-heading-tag '  itemprop=\"headline\"  ><span class='special_amp'>\u201c<\/span>SUPERFOODS<span class='special_amp'>\u201d<\/span> <\/h1><div class ='av-subheading av-subheading_below av_custom_color ' style='font-size:15px;'><p>Natural<\/p>\n<\/div><div class='special-heading-border'><div class='special-heading-inner-border' style='border-color:#ffffff'><\/div><\/div><\/div><br \/>\n<section class=\"av_textblock_section \"  itemscope=\"itemscope\" itemtype=\"https:\/\/schema.org\/CreativeWork\" ><div class='avia_textblock  av_inherit_color '  style='color:#ffffff; '  itemprop=\"text\" ><p>Le quinoa royal contient des glucides complexes qui, dig\u00e9r\u00e9s progressivement, en font un aliment de choix pour les personnes suivant un r\u00e9gime pauvre en glucides. Dot\u00e9 d&rsquo;un \u00e9quilibre parfait de prot\u00e9ines, de fibres et de glucides complexes, le quinoa royal est rassasiant et fournit une \u00e9nergie \u00e0 long terme. C&rsquo;est un coupe-faim efficace.<\/p>\n<p>Le quinoa royal propose un grand panel de richesses min\u00e9rales. Le magn\u00e9sium (stimule le m\u00e9tabolisme), le potassium (soutient la fonction musculaire), le phosphore (favorise l&rsquo;\u00e9quilibre hormonal) et le zinc (fournit des antioxydants et renforce le syst\u00e8me immunitaire) &#8211; tous sont pr\u00e9sents en quantit\u00e9s importantes. Compar\u00e9 \u00e0 une portion de bl\u00e9 entier, le quinoa royal offre presque deux fois plus de calcium pour la formation et consolisation des os.<\/p>\n<p><img loading=\"lazy\" class=\"alignnone size-full wp-image-1696\" src=\"https:\/\/alliances-globalsolutions.com\/wp-content\/uploads\/2020\/12\/certification.png\" alt=\"\" width=\"1000\" height=\"169\" srcset=\"https:\/\/alliances-globalsolutions.com\/wp-content\/uploads\/2020\/12\/certification.png 1000w, https:\/\/alliances-globalsolutions.com\/wp-content\/uploads\/2020\/12\/certification-300x51.png 300w, https:\/\/alliances-globalsolutions.com\/wp-content\/uploads\/2020\/12\/certification-768x130.png 768w, https:\/\/alliances-globalsolutions.com\/wp-content\/uploads\/2020\/12\/certification-705x119.png 705w\" sizes=\"(max-width: 1000px) 100vw, 1000px\" \/><\/p>\n<\/div><\/section><\/p>\n<\/div><\/div><div class=\"flex_cell no_margin av_one_half  avia-builder-el-4  el_after_av_cell_one_half  avia-builder-el-last   av-zero-padding \"  style='height:500px; min-height:500px;background: #22689e; vertical-align:middle; padding:0; background-color:#22689e; ' ><div class='flex_cell_inner' ><div  class='avia-image-container  av-styling- av-hover-grow av-hide-overflow   avia-builder-el-5  avia-builder-el-no-sibling  avia-align-center '  itemprop=\"image\" itemscope=\"itemscope\" itemtype=\"https:\/\/schema.org\/ImageObject\"  ><div class='avia-image-container-inner'><div class='avia-image-overlay-wrap'><img class='wp-image-2683 avia-img-lazy-loading-not-2683 avia_image' src=\"https:\/\/alliances-globalsolutions.com\/wp-content\/uploads\/2020\/12\/Quinoa_3-1.jpg\" alt='' title='Quinoa_3' height=\"708\" width=\"1023\"  itemprop=\"thumbnailUrl\" srcset=\"https:\/\/alliances-globalsolutions.com\/wp-content\/uploads\/2020\/12\/Quinoa_3-1.jpg 1023w, https:\/\/alliances-globalsolutions.com\/wp-content\/uploads\/2020\/12\/Quinoa_3-1-300x208.jpg 300w, https:\/\/alliances-globalsolutions.com\/wp-content\/uploads\/2020\/12\/Quinoa_3-1-768x532.jpg 768w, https:\/\/alliances-globalsolutions.com\/wp-content\/uploads\/2020\/12\/Quinoa_3-1-705x488.jpg 705w\" sizes=\"(max-width: 1023px) 100vw, 1023px\" \/><\/div><\/div><\/div>\n<\/div><\/div>\n<\/div><div id='after_submenu_1'  class='main_color av_default_container_wrap container_wrap sidebar_right' style=' '  ><div class='container' ><div class='template-page content  av-content-small alpha units'><div class='post-entry post-entry-type-page post-entry-2986'><div class='entry-content-wrapper clearfix'>\n<div class=\"flex_column av_one_full  avia-full-contain flex_column_div av-zero-column-padding first  avia-builder-el-6  el_after_av_layout_row  el_before_av_layout_row  avia-builder-el-no-sibling  \" style='background:url(https:\/\/alliances-globalsolutions.com\/wp-content\/uploads\/2020\/12\/certification.jpg) center center no-repeat ; border-radius:0px; '><\/div>\n<\/div><\/div><\/div><!-- close content main div --><\/div><\/div><div id='av-layout-grid-2'  class='av-layout-grid-container entry-content-wrapper main_color av-flex-cells     avia-builder-el-7  el_after_av_one_full  el_before_av_section  submenu-not-first container_wrap sidebar_right' style=' '  >\n<div class=\"flex_cell no_margin av_one_half  avia-builder-el-8  el_before_av_cell_one_half  avia-builder-el-first   avia-full-stretch \"  style='height:500px; min-height:500px;background: #22689e; vertical-align:middle; padding:80px; background-color:#22689e; ' ><div class='flex_cell_inner' ><div  class='avia-image-container  av-styling- av-hover-grow av-hide-overflow   avia-builder-el-9  avia-builder-el-no-sibling  avia-align-center '  itemprop=\"image\" itemscope=\"itemscope\" itemtype=\"https:\/\/schema.org\/ImageObject\"  ><div class='avia-image-container-inner'><div class='avia-image-overlay-wrap'><img class='wp-image-2686 avia-img-lazy-loading-not-2686 avia_image' src=\"https:\/\/alliances-globalsolutions.com\/wp-content\/uploads\/2020\/12\/Quinoa_3_image_2.jpg\" alt='Quinoa image 2' title='Quinoa image 2' height=\"708\" width=\"1023\"  itemprop=\"thumbnailUrl\" srcset=\"https:\/\/alliances-globalsolutions.com\/wp-content\/uploads\/2020\/12\/Quinoa_3_image_2.jpg 1023w, https:\/\/alliances-globalsolutions.com\/wp-content\/uploads\/2020\/12\/Quinoa_3_image_2-300x208.jpg 300w, https:\/\/alliances-globalsolutions.com\/wp-content\/uploads\/2020\/12\/Quinoa_3_image_2-768x532.jpg 768w, https:\/\/alliances-globalsolutions.com\/wp-content\/uploads\/2020\/12\/Quinoa_3_image_2-705x488.jpg 705w\" sizes=\"(max-width: 1023px) 100vw, 1023px\" \/><\/div><\/div><\/div>\n<\/div><\/div><div class=\"flex_cell no_margin av_one_half  avia-builder-el-10  el_after_av_cell_one_half  avia-builder-el-last   av-zero-padding \"  style='height:500px; min-height:500px;background: #22689e; vertical-align:middle; padding:0; background-color:#22689e; ' ><div class='flex_cell_inner' ><div  class='avia-image-container  av-styling- av-hover-grow av-hide-overflow   avia-builder-el-11  avia-builder-el-no-sibling  avia-align-center '  itemprop=\"image\" itemscope=\"itemscope\" itemtype=\"https:\/\/schema.org\/ImageObject\"  ><div class='avia-image-container-inner'><div class='avia-image-overlay-wrap'><img class='wp-image-2689 avia-img-lazy-loading-not-2689 avia_image' src=\"https:\/\/alliances-globalsolutions.com\/wp-content\/uploads\/2020\/12\/Quinoa_3_image_3.jpg\" alt='Quinoa image 3' title='Quinoa image 3' height=\"708\" width=\"1023\"  itemprop=\"thumbnailUrl\" srcset=\"https:\/\/alliances-globalsolutions.com\/wp-content\/uploads\/2020\/12\/Quinoa_3_image_3.jpg 1023w, https:\/\/alliances-globalsolutions.com\/wp-content\/uploads\/2020\/12\/Quinoa_3_image_3-300x208.jpg 300w, https:\/\/alliances-globalsolutions.com\/wp-content\/uploads\/2020\/12\/Quinoa_3_image_3-768x532.jpg 768w, https:\/\/alliances-globalsolutions.com\/wp-content\/uploads\/2020\/12\/Quinoa_3_image_3-705x488.jpg 705w\" sizes=\"(max-width: 1023px) 100vw, 1023px\" \/><\/div><\/div><\/div>\n<\/div><\/div>\n<\/div>\n<div id='av_section_1'  class='avia-section main_color avia-section-huge avia-no-border-styling  avia-bg-style-scroll  avia-builder-el-12  el_after_av_layout_row  avia-builder-el-last   container_wrap sidebar_right' style=' '  ><div class='container' ><div class='template-page content  av-content-small alpha units'><div class='post-entry post-entry-type-page post-entry-2986'><div class='entry-content-wrapper clearfix'>\n<div class='flex_column_table av-equal-height-column-flextable -flextable' style='margin-top:-200px; margin-bottom:0px; '><div class=\"flex_column av_one_third  no_margin flex_column_table_cell av-equal-height-column av-align-top first  avia-builder-el-13  el_before_av_one_third  avia-builder-el-first  \" style='padding:40px; border-radius:0px; '><\/div><div class=\"flex_column av_one_third  no_margin flex_column_table_cell av-equal-height-column av-align-top   avia-builder-el-14  el_after_av_one_third  el_before_av_one_third  \" style='padding:40px; background-color:#379cd6; border-radius:0px; '><p><div  style='height:20px' class='hr hr-invisible   avia-builder-el-15  el_before_av_textblock  avia-builder-el-first '><span class='hr-inner ' ><span class='hr-inner-style'><\/span><\/span><\/div><br \/>\n<section class=\"av_textblock_section \"  itemscope=\"itemscope\" itemtype=\"https:\/\/schema.org\/CreativeWork\" ><div class='avia_textblock  av_inherit_color '  style='color:#ffffff; '  itemprop=\"text\" ><h4 style=\"text-align: center;\">A PROPOS DE L&rsquo;HISTOIRE DU QUINOA<\/h4>\n<\/div><\/section><br \/>\n<div  style='height:8px' class='hr hr-invisible   avia-builder-el-17  el_after_av_textblock  el_before_av_button '><span class='hr-inner ' ><span class='hr-inner-style'><\/span><\/span><\/div><br \/>\n<div  class='avia-button-wrap avia-button-center  avia-builder-el-18  el_after_av_hr  avia-builder-el-last ' ><a href='https:\/\/alliances-globalsolutions.com\/quinoa-history\/' class='avia-button  avia-color-light   avia-icon_select-no avia-size-medium avia-position-center ' target=\"_blank\" rel=\"noopener noreferrer\"><span class='avia_iconbox_title' >LET\u2019S GO<\/span><\/a><\/div><\/p><\/div><div class=\"flex_column av_one_third  no_margin flex_column_table_cell av-equal-height-column av-align-top   avia-builder-el-19  el_after_av_one_third  avia-builder-el-last  \" style='padding:40px; border-radius:0px; '><\/div><\/div><!--close column table wrapper. Autoclose: 1 -->\n<\/div><\/div><\/div><!-- close content main div --><\/div><\/div><div id='after_section_1'  class='main_color av_default_container_wrap container_wrap sidebar_right' style=' '  ><div class='container' ><div class='template-page content  av-content-small alpha units'><div class='post-entry post-entry-type-page post-entry-2986'><div class='entry-content-wrapper clearfix'>\n","protected":false},"excerpt":{"rendered":"","protected":false},"author":1,"featured_media":0,"parent":0,"menu_order":0,"comment_status":"closed","ping_status":"closed","template":"","meta":{"_monsterinsights_skip_tracking":false,"_monsterinsights_sitenote_active":false,"_monsterinsights_sitenote_note":"","_monsterinsights_sitenote_category":0},"yoast_head":"<!-- This site is optimized with the Yoast SEO plugin v18.4.1 - https:\/\/yoast.com\/wordpress\/plugins\/seo\/ -->\n<title>Natural food - AGS<\/title>\n<meta name=\"robots\" content=\"index, follow, max-snippet:-1, max-image-preview:large, max-video-preview:-1\" \/>\n<link rel=\"canonical\" href=\"https:\/\/alliances-globalsolutions.com\/fr\/natural-food\/\" \/>\n<meta property=\"og:locale\" content=\"fr_FR\" \/>\n<meta property=\"og:type\" content=\"article\" \/>\n<meta property=\"og:title\" content=\"Natural food - AGS\" \/>\n<meta property=\"og:url\" content=\"https:\/\/alliances-globalsolutions.com\/fr\/natural-food\/\" \/>\n<meta property=\"og:site_name\" content=\"AGS\" \/>\n<meta property=\"article:modified_time\" content=\"2021-05-08T14:13:58+00:00\" \/>\n<meta property=\"og:image\" content=\"https:\/\/alliances-globalsolutions.com\/wp-content\/uploads\/2020\/12\/certification.png\" \/>\n<meta name=\"twitter:card\" content=\"summary_large_image\" \/>\n<meta name=\"twitter:label1\" content=\"Dur\u00e9e de lecture estim\u00e9e\" \/>\n\t<meta name=\"twitter:data1\" content=\"8 minutes\" \/>\n<script type=\"application\/ld+json\" class=\"yoast-schema-graph\">{\"@context\":\"https:\/\/schema.org\",\"@graph\":[{\"@type\":\"Organization\",\"@id\":\"https:\/\/alliances-globalsolutions.com\/fr\/#organization\",\"name\":\"alliances-globalsolutions.com\",\"url\":\"https:\/\/alliances-globalsolutions.com\/fr\/\",\"sameAs\":[],\"logo\":{\"@type\":\"ImageObject\",\"@id\":\"https:\/\/alliances-globalsolutions.com\/fr\/#logo\",\"inLanguage\":\"fr-FR\",\"url\":\"https:\/\/alliances-globalsolutions.com\/wp-content\/uploads\/2020\/12\/logo_AGS_sans_texte_blanc-e1608196570428.png\",\"contentUrl\":\"https:\/\/alliances-globalsolutions.com\/wp-content\/uploads\/2020\/12\/logo_AGS_sans_texte_blanc-e1608196570428.png\",\"width\":300,\"height\":158,\"caption\":\"alliances-globalsolutions.com\"},\"image\":{\"@id\":\"https:\/\/alliances-globalsolutions.com\/fr\/#logo\"}},{\"@type\":\"WebSite\",\"@id\":\"https:\/\/alliances-globalsolutions.com\/fr\/#website\",\"url\":\"https:\/\/alliances-globalsolutions.com\/fr\/\",\"name\":\"AGS\",\"description\":\"Your solution, our concern\",\"publisher\":{\"@id\":\"https:\/\/alliances-globalsolutions.com\/fr\/#organization\"},\"potentialAction\":[{\"@type\":\"SearchAction\",\"target\":{\"@type\":\"EntryPoint\",\"urlTemplate\":\"https:\/\/alliances-globalsolutions.com\/fr\/?s={search_term_string}\"},\"query-input\":\"required name=search_term_string\"}],\"inLanguage\":\"fr-FR\"},{\"@type\":\"ImageObject\",\"@id\":\"https:\/\/alliances-globalsolutions.com\/fr\/natural-food\/#primaryimage\",\"inLanguage\":\"fr-FR\",\"url\":\"https:\/\/alliances-globalsolutions.com\/wp-content\/uploads\/2020\/12\/certification.png\",\"contentUrl\":\"https:\/\/alliances-globalsolutions.com\/wp-content\/uploads\/2020\/12\/certification.png\",\"width\":1000,\"height\":169,\"caption\":\"Certifcation AGS\"},{\"@type\":\"WebPage\",\"@id\":\"https:\/\/alliances-globalsolutions.com\/fr\/natural-food\/#webpage\",\"url\":\"https:\/\/alliances-globalsolutions.com\/fr\/natural-food\/\",\"name\":\"Natural food - AGS\",\"isPartOf\":{\"@id\":\"https:\/\/alliances-globalsolutions.com\/fr\/#website\"},\"primaryImageOfPage\":{\"@id\":\"https:\/\/alliances-globalsolutions.com\/fr\/natural-food\/#primaryimage\"},\"datePublished\":\"2021-05-08T14:13:20+00:00\",\"dateModified\":\"2021-05-08T14:13:58+00:00\",\"breadcrumb\":{\"@id\":\"https:\/\/alliances-globalsolutions.com\/fr\/natural-food\/#breadcrumb\"},\"inLanguage\":\"fr-FR\",\"potentialAction\":[{\"@type\":\"ReadAction\",\"target\":[\"https:\/\/alliances-globalsolutions.com\/fr\/natural-food\/\"]}]},{\"@type\":\"BreadcrumbList\",\"@id\":\"https:\/\/alliances-globalsolutions.com\/fr\/natural-food\/#breadcrumb\",\"itemListElement\":[{\"@type\":\"ListItem\",\"position\":1,\"name\":\"Accueil\",\"item\":\"https:\/\/alliances-globalsolutions.com\/fr\/\"},{\"@type\":\"ListItem\",\"position\":2,\"name\":\"Natural food\"}]}]}<\/script>\n<!-- \/ Yoast SEO plugin. -->","yoast_head_json":{"title":"Natural food - AGS","robots":{"index":"index","follow":"follow","max-snippet":"max-snippet:-1","max-image-preview":"max-image-preview:large","max-video-preview":"max-video-preview:-1"},"canonical":"https:\/\/alliances-globalsolutions.com\/fr\/natural-food\/","og_locale":"fr_FR","og_type":"article","og_title":"Natural food - AGS","og_url":"https:\/\/alliances-globalsolutions.com\/fr\/natural-food\/","og_site_name":"AGS","article_modified_time":"2021-05-08T14:13:58+00:00","og_image":[{"url":"https:\/\/alliances-globalsolutions.com\/wp-content\/uploads\/2020\/12\/certification.png"}],"twitter_card":"summary_large_image","twitter_misc":{"Dur\u00e9e de lecture estim\u00e9e":"8 minutes"},"schema":{"@context":"https:\/\/schema.org","@graph":[{"@type":"Organization","@id":"https:\/\/alliances-globalsolutions.com\/fr\/#organization","name":"alliances-globalsolutions.com","url":"https:\/\/alliances-globalsolutions.com\/fr\/","sameAs":[],"logo":{"@type":"ImageObject","@id":"https:\/\/alliances-globalsolutions.com\/fr\/#logo","inLanguage":"fr-FR","url":"https:\/\/alliances-globalsolutions.com\/wp-content\/uploads\/2020\/12\/logo_AGS_sans_texte_blanc-e1608196570428.png","contentUrl":"https:\/\/alliances-globalsolutions.com\/wp-content\/uploads\/2020\/12\/logo_AGS_sans_texte_blanc-e1608196570428.png","width":300,"height":158,"caption":"alliances-globalsolutions.com"},"image":{"@id":"https:\/\/alliances-globalsolutions.com\/fr\/#logo"}},{"@type":"WebSite","@id":"https:\/\/alliances-globalsolutions.com\/fr\/#website","url":"https:\/\/alliances-globalsolutions.com\/fr\/","name":"AGS","description":"Your solution, our concern","publisher":{"@id":"https:\/\/alliances-globalsolutions.com\/fr\/#organization"},"potentialAction":[{"@type":"SearchAction","target":{"@type":"EntryPoint","urlTemplate":"https:\/\/alliances-globalsolutions.com\/fr\/?s={search_term_string}"},"query-input":"required name=search_term_string"}],"inLanguage":"fr-FR"},{"@type":"ImageObject","@id":"https:\/\/alliances-globalsolutions.com\/fr\/natural-food\/#primaryimage","inLanguage":"fr-FR","url":"https:\/\/alliances-globalsolutions.com\/wp-content\/uploads\/2020\/12\/certification.png","contentUrl":"https:\/\/alliances-globalsolutions.com\/wp-content\/uploads\/2020\/12\/certification.png","width":1000,"height":169,"caption":"Certifcation AGS"},{"@type":"WebPage","@id":"https:\/\/alliances-globalsolutions.com\/fr\/natural-food\/#webpage","url":"https:\/\/alliances-globalsolutions.com\/fr\/natural-food\/","name":"Natural food - AGS","isPartOf":{"@id":"https:\/\/alliances-globalsolutions.com\/fr\/#website"},"primaryImageOfPage":{"@id":"https:\/\/alliances-globalsolutions.com\/fr\/natural-food\/#primaryimage"},"datePublished":"2021-05-08T14:13:20+00:00","dateModified":"2021-05-08T14:13:58+00:00","breadcrumb":{"@id":"https:\/\/alliances-globalsolutions.com\/fr\/natural-food\/#breadcrumb"},"inLanguage":"fr-FR","potentialAction":[{"@type":"ReadAction","target":["https:\/\/alliances-globalsolutions.com\/fr\/natural-food\/"]}]},{"@type":"BreadcrumbList","@id":"https:\/\/alliances-globalsolutions.com\/fr\/natural-food\/#breadcrumb","itemListElement":[{"@type":"ListItem","position":1,"name":"Accueil","item":"https:\/\/alliances-globalsolutions.com\/fr\/"},{"@type":"ListItem","position":2,"name":"Natural food"}]}]}},"_links":{"self":[{"href":"https:\/\/alliances-globalsolutions.com\/fr\/wp-json\/wp\/v2\/pages\/2986"}],"collection":[{"href":"https:\/\/alliances-globalsolutions.com\/fr\/wp-json\/wp\/v2\/pages"}],"about":[{"href":"https:\/\/alliances-globalsolutions.com\/fr\/wp-json\/wp\/v2\/types\/page"}],"author":[{"embeddable":true,"href":"https:\/\/alliances-globalsolutions.com\/fr\/wp-json\/wp\/v2\/users\/1"}],"replies":[{"embeddable":true,"href":"https:\/\/alliances-globalsolutions.com\/fr\/wp-json\/wp\/v2\/comments?post=2986"}],"version-history":[{"count":5,"href":"https:\/\/alliances-globalsolutions.com\/fr\/wp-json\/wp\/v2\/pages\/2986\/revisions"}],"predecessor-version":[{"id":2991,"href":"https:\/\/alliances-globalsolutions.com\/fr\/wp-json\/wp\/v2\/pages\/2986\/revisions\/2991"}],"wp:attachment":[{"href":"https:\/\/alliances-globalsolutions.com\/fr\/wp-json\/wp\/v2\/media?parent=2986"}],"curies":[{"name":"wp","href":"https:\/\/api.w.org\/{rel}","templated":true}]}}