{"id":2916,"date":"2021-02-02T14:26:02","date_gmt":"2021-02-02T13:26:02","guid":{"rendered":"https:\/\/alliances-globalsolutions.com\/services\/"},"modified":"2021-02-02T14:26:04","modified_gmt":"2021-02-02T13:26:04","slug":"services","status":"publish","type":"page","link":"https:\/\/alliances-globalsolutions.com\/fr\/services\/","title":{"rendered":"SERVICES"},"content":{"rendered":"<div class=\"flex_column av_two_third  flex_column_div av-zero-column-padding first  avia-builder-el-0  el_before_av_one_third  avia-builder-el-first  \" style='border-radius:0px; '><div  class='avia-image-container  av-styling-    avia-builder-el-1  avia-builder-el-no-sibling  avia-align-center '  itemprop=\"image\" itemscope=\"itemscope\" itemtype=\"https:\/\/schema.org\/ImageObject\"  ><div class='avia-image-container-inner'><div class='avia-image-overlay-wrap'><img class='wp-image-2752 avia-img-lazy-loading-not-2752 avia_image' src=\"https:\/\/alliances-globalsolutions.com\/wp-content\/uploads\/2020\/12\/vignette-services-corriger.png\" alt='Personne entrain de parler' title='vignette-services-corriger' height=\"538\" width=\"955\"  itemprop=\"thumbnailUrl\" srcset=\"https:\/\/alliances-globalsolutions.com\/wp-content\/uploads\/2020\/12\/vignette-services-corriger.png 955w, https:\/\/alliances-globalsolutions.com\/wp-content\/uploads\/2020\/12\/vignette-services-corriger-300x169.png 300w, https:\/\/alliances-globalsolutions.com\/wp-content\/uploads\/2020\/12\/vignette-services-corriger-768x433.png 768w, https:\/\/alliances-globalsolutions.com\/wp-content\/uploads\/2020\/12\/vignette-services-corriger-705x397.png 705w\" sizes=\"(max-width: 955px) 100vw, 955px\" \/><\/div><\/div><\/div><\/div><div class=\"flex_column av_one_third  flex_column_div av-zero-column-padding   avia-builder-el-2  el_after_av_two_third  avia-builder-el-last  \" style='border-radius:0px; '><section class=\"av_textblock_section \"  itemscope=\"itemscope\" itemtype=\"https:\/\/schema.org\/CreativeWork\" ><div class='avia_textblock  '   itemprop=\"text\" ><h3>Services<\/h3>\n<\/div><\/section><br \/>\n<section class=\"av_textblock_section \"  itemscope=\"itemscope\" itemtype=\"https:\/\/schema.org\/CreativeWork\" ><div class='avia_textblock  '   itemprop=\"text\" ><p>En tant qu\u2019entreprise suisse, la base de notre activit\u00e9 repose sur la qualit\u00e9 suisse, reconnue mondialement comme une forte valeur ajout\u00e9e.<\/p>\n<\/div><\/section><\/p><\/div><\/p>\n","protected":false},"excerpt":{"rendered":"","protected":false},"author":1,"featured_media":0,"parent":0,"menu_order":0,"comment_status":"closed","ping_status":"closed","template":"","meta":{"_monsterinsights_skip_tracking":false,"_monsterinsights_sitenote_active":false,"_monsterinsights_sitenote_note":"","_monsterinsights_sitenote_category":0},"yoast_head":"<!-- This site is optimized with the Yoast SEO plugin v18.4.1 - https:\/\/yoast.com\/wordpress\/plugins\/seo\/ -->\n<title>SERVICES - AGS<\/title>\n<meta name=\"robots\" content=\"index, follow, max-snippet:-1, max-image-preview:large, max-video-preview:-1\" \/>\n<link rel=\"canonical\" href=\"https:\/\/alliances-globalsolutions.com\/fr\/services\/\" \/>\n<meta property=\"og:locale\" content=\"fr_FR\" \/>\n<meta property=\"og:type\" content=\"article\" \/>\n<meta property=\"og:title\" content=\"SERVICES - AGS\" \/>\n<meta property=\"og:url\" content=\"https:\/\/alliances-globalsolutions.com\/fr\/services\/\" \/>\n<meta property=\"og:site_name\" content=\"AGS\" \/>\n<meta property=\"article:modified_time\" content=\"2021-02-02T13:26:04+00:00\" \/>\n<meta name=\"twitter:card\" content=\"summary_large_image\" \/>\n<meta name=\"twitter:label1\" content=\"Dur\u00e9e de lecture estim\u00e9e\" \/>\n\t<meta name=\"twitter:data1\" content=\"2 minutes\" \/>\n<script type=\"application\/ld+json\" class=\"yoast-schema-graph\">{\"@context\":\"https:\/\/schema.org\",\"@graph\":[{\"@type\":\"Organization\",\"@id\":\"https:\/\/alliances-globalsolutions.com\/fr\/#organization\",\"name\":\"alliances-globalsolutions.com\",\"url\":\"https:\/\/alliances-globalsolutions.com\/fr\/\",\"sameAs\":[],\"logo\":{\"@type\":\"ImageObject\",\"@id\":\"https:\/\/alliances-globalsolutions.com\/fr\/#logo\",\"inLanguage\":\"fr-FR\",\"url\":\"https:\/\/alliances-globalsolutions.com\/wp-content\/uploads\/2020\/12\/logo_AGS_sans_texte_blanc-e1608196570428.png\",\"contentUrl\":\"https:\/\/alliances-globalsolutions.com\/wp-content\/uploads\/2020\/12\/logo_AGS_sans_texte_blanc-e1608196570428.png\",\"width\":300,\"height\":158,\"caption\":\"alliances-globalsolutions.com\"},\"image\":{\"@id\":\"https:\/\/alliances-globalsolutions.com\/fr\/#logo\"}},{\"@type\":\"WebSite\",\"@id\":\"https:\/\/alliances-globalsolutions.com\/fr\/#website\",\"url\":\"https:\/\/alliances-globalsolutions.com\/fr\/\",\"name\":\"AGS\",\"description\":\"Your solution, our concern\",\"publisher\":{\"@id\":\"https:\/\/alliances-globalsolutions.com\/fr\/#organization\"},\"potentialAction\":[{\"@type\":\"SearchAction\",\"target\":{\"@type\":\"EntryPoint\",\"urlTemplate\":\"https:\/\/alliances-globalsolutions.com\/fr\/?s={search_term_string}\"},\"query-input\":\"required name=search_term_string\"}],\"inLanguage\":\"fr-FR\"},{\"@type\":\"WebPage\",\"@id\":\"https:\/\/alliances-globalsolutions.com\/fr\/services\/#webpage\",\"url\":\"https:\/\/alliances-globalsolutions.com\/fr\/services\/\",\"name\":\"SERVICES - AGS\",\"isPartOf\":{\"@id\":\"https:\/\/alliances-globalsolutions.com\/fr\/#website\"},\"datePublished\":\"2021-02-02T13:26:02+00:00\",\"dateModified\":\"2021-02-02T13:26:04+00:00\",\"breadcrumb\":{\"@id\":\"https:\/\/alliances-globalsolutions.com\/fr\/services\/#breadcrumb\"},\"inLanguage\":\"fr-FR\",\"potentialAction\":[{\"@type\":\"ReadAction\",\"target\":[\"https:\/\/alliances-globalsolutions.com\/fr\/services\/\"]}]},{\"@type\":\"BreadcrumbList\",\"@id\":\"https:\/\/alliances-globalsolutions.com\/fr\/services\/#breadcrumb\",\"itemListElement\":[{\"@type\":\"ListItem\",\"position\":1,\"name\":\"Accueil\",\"item\":\"https:\/\/alliances-globalsolutions.com\/fr\/\"},{\"@type\":\"ListItem\",\"position\":2,\"name\":\"SERVICES\"}]}]}<\/script>\n<!-- \/ Yoast SEO plugin. -->","yoast_head_json":{"title":"SERVICES - AGS","robots":{"index":"index","follow":"follow","max-snippet":"max-snippet:-1","max-image-preview":"max-image-preview:large","max-video-preview":"max-video-preview:-1"},"canonical":"https:\/\/alliances-globalsolutions.com\/fr\/services\/","og_locale":"fr_FR","og_type":"article","og_title":"SERVICES - AGS","og_url":"https:\/\/alliances-globalsolutions.com\/fr\/services\/","og_site_name":"AGS","article_modified_time":"2021-02-02T13:26:04+00:00","twitter_card":"summary_large_image","twitter_misc":{"Dur\u00e9e de lecture estim\u00e9e":"2 minutes"},"schema":{"@context":"https:\/\/schema.org","@graph":[{"@type":"Organization","@id":"https:\/\/alliances-globalsolutions.com\/fr\/#organization","name":"alliances-globalsolutions.com","url":"https:\/\/alliances-globalsolutions.com\/fr\/","sameAs":[],"logo":{"@type":"ImageObject","@id":"https:\/\/alliances-globalsolutions.com\/fr\/#logo","inLanguage":"fr-FR","url":"https:\/\/alliances-globalsolutions.com\/wp-content\/uploads\/2020\/12\/logo_AGS_sans_texte_blanc-e1608196570428.png","contentUrl":"https:\/\/alliances-globalsolutions.com\/wp-content\/uploads\/2020\/12\/logo_AGS_sans_texte_blanc-e1608196570428.png","width":300,"height":158,"caption":"alliances-globalsolutions.com"},"image":{"@id":"https:\/\/alliances-globalsolutions.com\/fr\/#logo"}},{"@type":"WebSite","@id":"https:\/\/alliances-globalsolutions.com\/fr\/#website","url":"https:\/\/alliances-globalsolutions.com\/fr\/","name":"AGS","description":"Your solution, our concern","publisher":{"@id":"https:\/\/alliances-globalsolutions.com\/fr\/#organization"},"potentialAction":[{"@type":"SearchAction","target":{"@type":"EntryPoint","urlTemplate":"https:\/\/alliances-globalsolutions.com\/fr\/?s={search_term_string}"},"query-input":"required name=search_term_string"}],"inLanguage":"fr-FR"},{"@type":"WebPage","@id":"https:\/\/alliances-globalsolutions.com\/fr\/services\/#webpage","url":"https:\/\/alliances-globalsolutions.com\/fr\/services\/","name":"SERVICES - AGS","isPartOf":{"@id":"https:\/\/alliances-globalsolutions.com\/fr\/#website"},"datePublished":"2021-02-02T13:26:02+00:00","dateModified":"2021-02-02T13:26:04+00:00","breadcrumb":{"@id":"https:\/\/alliances-globalsolutions.com\/fr\/services\/#breadcrumb"},"inLanguage":"fr-FR","potentialAction":[{"@type":"ReadAction","target":["https:\/\/alliances-globalsolutions.com\/fr\/services\/"]}]},{"@type":"BreadcrumbList","@id":"https:\/\/alliances-globalsolutions.com\/fr\/services\/#breadcrumb","itemListElement":[{"@type":"ListItem","position":1,"name":"Accueil","item":"https:\/\/alliances-globalsolutions.com\/fr\/"},{"@type":"ListItem","position":2,"name":"SERVICES"}]}]}},"_links":{"self":[{"href":"https:\/\/alliances-globalsolutions.com\/fr\/wp-json\/wp\/v2\/pages\/2916"}],"collection":[{"href":"https:\/\/alliances-globalsolutions.com\/fr\/wp-json\/wp\/v2\/pages"}],"about":[{"href":"https:\/\/alliances-globalsolutions.com\/fr\/wp-json\/wp\/v2\/types\/page"}],"author":[{"embeddable":true,"href":"https:\/\/alliances-globalsolutions.com\/fr\/wp-json\/wp\/v2\/users\/1"}],"replies":[{"embeddable":true,"href":"https:\/\/alliances-globalsolutions.com\/fr\/wp-json\/wp\/v2\/comments?post=2916"}],"version-history":[{"count":1,"href":"https:\/\/alliances-globalsolutions.com\/fr\/wp-json\/wp\/v2\/pages\/2916\/revisions"}],"predecessor-version":[{"id":2917,"href":"https:\/\/alliances-globalsolutions.com\/fr\/wp-json\/wp\/v2\/pages\/2916\/revisions\/2917"}],"wp:attachment":[{"href":"https:\/\/alliances-globalsolutions.com\/fr\/wp-json\/wp\/v2\/media?parent=2916"}],"curies":[{"name":"wp","href":"https:\/\/api.w.org\/{rel}","templated":true}]}}