{"id":2910,"date":"2021-01-31T13:55:44","date_gmt":"2021-01-31T12:55:44","guid":{"rendered":"https:\/\/alliances-globalsolutions.com\/carriere\/"},"modified":"2021-02-02T14:02:21","modified_gmt":"2021-02-02T13:02:21","slug":"carriere","status":"publish","type":"page","link":"https:\/\/alliances-globalsolutions.com\/fr\/carriere\/","title":{"rendered":"CARRIERE"},"content":{"rendered":"<div id='av-layout-grid-1'  class='av-layout-grid-container entry-content-wrapper main_color av-flex-cells     avia-builder-el-0  el_before_av_section  avia-builder-el-first  container_wrap sidebar_right' style=' '  >\n<div class=\"flex_cell no_margin av_one_half  avia-builder-el-1  el_before_av_cell_one_half  avia-builder-el-first   avia-full-stretch \"  style='height:500px; min-height:500px;background: #22689e; vertical-align:middle; padding:80px; background-color:#22689e; ' ><div class='flex_cell_inner' ><p><div  style='padding-bottom:25px; color:#ffffff;font-size:34px;' class='av-special-heading av-special-heading-h2 custom-color-heading blockquote modern-quote  avia-builder-el-2  el_before_av_textblock  avia-builder-el-first  av-inherit-size '><div class ='av-subheading av-subheading_above av_custom_color ' style='font-size:15px;'><p>CARRIERE<\/p>\n<\/div><h2 class='av-special-heading-tag '  itemprop=\"headline\"  >Pas de poste vacant<\/h2><div class='special-heading-border'><div class='special-heading-inner-border' style='border-color:#ffffff'><\/div><\/div><\/div><br \/>\n<section class=\"av_textblock_section \"  itemscope=\"itemscope\" itemtype=\"https:\/\/schema.org\/CreativeWork\" ><div class='avia_textblock  av_inherit_color '  style='color:#ffffff; '  itemprop=\"text\" ><\/div><\/section><\/p>\n<\/div><\/div><div class=\"flex_cell no_margin av_one_half  avia-builder-el-4  el_after_av_cell_one_half  avia-builder-el-last   avia-full-stretch av-zero-padding \"  style='height:500px; min-height:500px;background: #22689e; vertical-align:middle; padding:0px; background-color:#22689e; ' ><div class='flex_cell_inner' ><div class=\"flex_column av_one_full  flex_column_div av-zero-column-padding first  avia-builder-el-5  avia-builder-el-no-sibling  \" style='border-radius:0px; '><div  class='avia-image-container  av-styling- av-hover-grow av-hide-overflow   avia-builder-el-6  avia-builder-el-no-sibling  avia-align-center '  itemprop=\"image\" itemscope=\"itemscope\" itemtype=\"https:\/\/schema.org\/ImageObject\"  ><div class='avia-image-container-inner'><div class='avia-image-overlay-wrap'><img class='wp-image-2608 avia-img-lazy-loading-not-2608 avia_image' src=\"https:\/\/alliances-globalsolutions.com\/wp-content\/uploads\/2020\/12\/AdobeStock_337239754_career.jpg\" alt='CARRIERE' title='CARRIERE' height=\"500\" width=\"747\"  itemprop=\"thumbnailUrl\" srcset=\"https:\/\/alliances-globalsolutions.com\/wp-content\/uploads\/2020\/12\/AdobeStock_337239754_career.jpg 747w, https:\/\/alliances-globalsolutions.com\/wp-content\/uploads\/2020\/12\/AdobeStock_337239754_career-300x201.jpg 300w, https:\/\/alliances-globalsolutions.com\/wp-content\/uploads\/2020\/12\/AdobeStock_337239754_career-705x472.jpg 705w\" sizes=\"(max-width: 747px) 100vw, 747px\" \/><\/div><\/div><\/div><\/div>\n<\/div><\/div><\/div><div id='av_section_1'  class='avia-section main_color avia-section-huge avia-no-border-styling  avia-bg-style-scroll  avia-builder-el-7  el_after_av_layout_row  avia-builder-el-last   container_wrap sidebar_right' style=' '  ><div class='container' ><div class='template-page content  av-content-small alpha units'><div class='post-entry post-entry-type-page post-entry-2910'><div class='entry-content-wrapper clearfix'>\n<div class=\"flex_column av_two_fifth  av-animated-generic bottom-to-top  flex_column_div av-zero-column-padding first  avia-builder-el-8  el_before_av_three_fifth  avia-builder-el-first  \" style='border-radius:0px; '><p><div  style='padding-bottom:20px; font-size:34px;' class='av-special-heading av-special-heading-h3  blockquote modern-quote  avia-builder-el-9  el_before_av_textblock  avia-builder-el-first  av-inherit-size '><h3 class='av-special-heading-tag '  itemprop=\"headline\"  >Contact<\/h3><div class='special-heading-border'><div class='special-heading-inner-border' ><\/div><\/div><\/div><br \/>\n<section class=\"av_textblock_section \"  itemscope=\"itemscope\" itemtype=\"https:\/\/schema.org\/CreativeWork\" ><div class='avia_textblock  '   itemprop=\"text\" ><p>Veuillez utiliser le formulaire pour une candidature spontan\u00e9e.<\/p>\n<\/div><\/section><\/p><\/div><div class=\"flex_column av_three_fifth  av-animated-generic bottom-to-top  flex_column_div av-zero-column-padding   avia-builder-el-11  el_after_av_two_fifth  avia-builder-el-last  \" style='border-radius:0px; '><form action=\"https:\/\/alliances-globalsolutions.com\/fr\/carriere\/\" method=\"post\"  class=\"avia_ajax_form av-form-labels-hidden   avia-builder-el-12  avia-builder-el-no-sibling   \" data-avia-form-id=\"1\" data-avia-redirect='' ><fieldset><p class='  first_form  form_element form_element_half' id='element_avia_1_1'><label for=\"avia_1_1\">Nom <abbr class=\"required\" title=\"requis(e)\">*<\/abbr><\/label> <input name=\"avia_1_1\" class=\"text_input is_empty\" type=\"text\" id=\"avia_1_1\" value=\"\"  placeholder='Nom*'\/><\/p><p class='  form_element form_element_half' id='element_avia_2_1'><label for=\"avia_2_1\">E-Mail <abbr class=\"required\" title=\"requis(e)\">*<\/abbr><\/label> <input name=\"avia_2_1\" class=\"text_input is_email\" type=\"text\" id=\"avia_2_1\" value=\"\"  placeholder='E-Mail*'\/><\/p><p class=' first_form  form_element form_fullwidth' id='element_avia_3_1'><label for=\"avia_3_1\">D\u00e9partement <abbr class=\"required\" title=\"requis(e)\">*<\/abbr><\/label> <select  name=\"avia_3_1\" class=\"select is_empty\" id=\"avia_3_1\"><option  value =''>D\u00e9partement*<\/option><option  value ='Healthcare'>Healthcare<\/option><option  value ='Natural Food'>Natural Food<\/option><option  value ='Special project'>Special project<\/option><option  value ='Logistic & Transport'>Logistic & Transport<\/option><option  value ='HR Spontaneous Application'>HR Spontaneous Application<\/option><\/select><\/p><p class='  first_form  form_element form_fullwidth' id='element_avia_4_1'><label for=\"avia_4_1\">Sujet <abbr class=\"required\" title=\"requis(e)\">*<\/abbr><\/label> <input name=\"avia_4_1\" class=\"text_input is_empty\" type=\"text\" id=\"avia_4_1\" value=\"\"  placeholder='Sujet*'\/><\/p><p class='  first_form  form_element form_fullwidth' id='element_avia_5_1'><label for=\"avia_5_1\" class=\"textare_label hidden textare_label_avia_5_1\">Message <abbr class=\"required\" title=\"requis(e)\">*<\/abbr><\/label><textarea  placeholder='Message*' name=\"avia_5_1\" class=\"text_area is_empty\" cols=\"40\" rows=\"7\" id=\"avia_5_1\" ><\/textarea><\/p><p class=\"hidden\"><input type=\"text\" name=\"avia_6_1\" class=\"hidden \" id=\"avia_6_1\" value=\"\" \/><\/p><div id='avia_7_1' class='av-recaptcha-area  first_form  form_element form_fullwidth av-last-visible-form-element '  data-container_class=\"\" data-custom_class=\"\" data-context=\"av_contact_form\" data-token_input=\"av_recaptcha_token\" data-version=\"avia_recaptcha_v2\" data-theme=\"light\" data-size=\"normal\" data-score=\"0.5\" data-text_to_preview=\"\" data-value=\"\"><div class=\"av-google-badge-message hidden\">Ce site est prot\u00e9g\u00e9 par reCAPTCHA et la <a href=\"https:\/\/policies.google.com\/privacy\">politique de confidentialit\u00e9<\/a> de Google et <a href=\"https:\/\/policies.google.com\/terms\">leur conditions d'utilisation<\/a> s'appliquent.<\/div><\/div><p class='av_form_privacy_check av_contact_privacy_check first_form  form_element form_fullwidth' id='element_avia_8_1'>    <input  name=\"avia_8_1\" class=\"input_checkbox is_empty\" type=\"checkbox\" id=\"avia_8_1\" value=\"true\"\/><label class=\"input_checkbox_label\" for=\"avia_8_1\">i accept the terms of use and <a href='https:\/\/alliances-globalsolutions.com\/politique-de-confidentialite\/' target='_blank' rel=\"noopener\">Privacy Policy<\/a> <abbr class=\"required\" title=\"requis(e)\">*<\/abbr><\/label><\/p><p class=\"form_element \"><input type=\"hidden\" value=\"1\" name=\"avia_generated_form1\" \/><input type=\"submit\" value=\"Envoy\u00e9\" class=\"button\"  data-sending-label=\"Envoi\"\/><\/p><\/fieldset><div class=\"avia-disabled-form\">Ce formulaire est d\u00e9sactiv\u00e9 dans la mesure o\u00f9 vous refusez d'accepter le service Google reCAPTCHA n\u00e9cessaire pour valider toute exp\u00e9dition de message depuis celui-ci.<\/div><\/form><div id=\"ajaxresponse_1\" class=\"ajaxresponse ajaxresponse_1 hidden\"><\/div><\/div>\n<\/div><\/div><\/div><!-- close content main div --><\/div><\/div><div id='after_section_1'  class='main_color av_default_container_wrap container_wrap sidebar_right' style=' '  ><div class='container' ><div class='template-page content  av-content-small alpha units'><div class='post-entry post-entry-type-page post-entry-2910'><div class='entry-content-wrapper clearfix'><\/p>\n","protected":false},"excerpt":{"rendered":"","protected":false},"author":1,"featured_media":0,"parent":0,"menu_order":0,"comment_status":"closed","ping_status":"closed","template":"","meta":{"_monsterinsights_skip_tracking":false,"_monsterinsights_sitenote_active":false,"_monsterinsights_sitenote_note":"","_monsterinsights_sitenote_category":0},"yoast_head":"<!-- This site is optimized with the Yoast SEO plugin v18.4.1 - https:\/\/yoast.com\/wordpress\/plugins\/seo\/ -->\n<title>CARRIERE - AGS<\/title>\n<meta name=\"robots\" content=\"index, follow, max-snippet:-1, max-image-preview:large, max-video-preview:-1\" \/>\n<link rel=\"canonical\" href=\"https:\/\/alliances-globalsolutions.com\/fr\/carriere\/\" \/>\n<meta property=\"og:locale\" content=\"fr_FR\" \/>\n<meta property=\"og:type\" content=\"article\" \/>\n<meta property=\"og:title\" content=\"CARRIERE - AGS\" \/>\n<meta property=\"og:url\" content=\"https:\/\/alliances-globalsolutions.com\/fr\/carriere\/\" \/>\n<meta property=\"og:site_name\" content=\"AGS\" \/>\n<meta property=\"article:modified_time\" content=\"2021-02-02T13:02:21+00:00\" \/>\n<meta name=\"twitter:card\" content=\"summary_large_image\" \/>\n<meta name=\"twitter:label1\" content=\"Dur\u00e9e de lecture estim\u00e9e\" \/>\n\t<meta name=\"twitter:data1\" content=\"5 minutes\" \/>\n<script type=\"application\/ld+json\" class=\"yoast-schema-graph\">{\"@context\":\"https:\/\/schema.org\",\"@graph\":[{\"@type\":\"Organization\",\"@id\":\"https:\/\/alliances-globalsolutions.com\/fr\/#organization\",\"name\":\"alliances-globalsolutions.com\",\"url\":\"https:\/\/alliances-globalsolutions.com\/fr\/\",\"sameAs\":[],\"logo\":{\"@type\":\"ImageObject\",\"@id\":\"https:\/\/alliances-globalsolutions.com\/fr\/#logo\",\"inLanguage\":\"fr-FR\",\"url\":\"https:\/\/alliances-globalsolutions.com\/wp-content\/uploads\/2020\/12\/logo_AGS_sans_texte_blanc-e1608196570428.png\",\"contentUrl\":\"https:\/\/alliances-globalsolutions.com\/wp-content\/uploads\/2020\/12\/logo_AGS_sans_texte_blanc-e1608196570428.png\",\"width\":300,\"height\":158,\"caption\":\"alliances-globalsolutions.com\"},\"image\":{\"@id\":\"https:\/\/alliances-globalsolutions.com\/fr\/#logo\"}},{\"@type\":\"WebSite\",\"@id\":\"https:\/\/alliances-globalsolutions.com\/fr\/#website\",\"url\":\"https:\/\/alliances-globalsolutions.com\/fr\/\",\"name\":\"AGS\",\"description\":\"Your solution, our concern\",\"publisher\":{\"@id\":\"https:\/\/alliances-globalsolutions.com\/fr\/#organization\"},\"potentialAction\":[{\"@type\":\"SearchAction\",\"target\":{\"@type\":\"EntryPoint\",\"urlTemplate\":\"https:\/\/alliances-globalsolutions.com\/fr\/?s={search_term_string}\"},\"query-input\":\"required name=search_term_string\"}],\"inLanguage\":\"fr-FR\"},{\"@type\":\"WebPage\",\"@id\":\"https:\/\/alliances-globalsolutions.com\/fr\/carriere\/#webpage\",\"url\":\"https:\/\/alliances-globalsolutions.com\/fr\/carriere\/\",\"name\":\"CARRIERE - AGS\",\"isPartOf\":{\"@id\":\"https:\/\/alliances-globalsolutions.com\/fr\/#website\"},\"datePublished\":\"2021-01-31T12:55:44+00:00\",\"dateModified\":\"2021-02-02T13:02:21+00:00\",\"breadcrumb\":{\"@id\":\"https:\/\/alliances-globalsolutions.com\/fr\/carriere\/#breadcrumb\"},\"inLanguage\":\"fr-FR\",\"potentialAction\":[{\"@type\":\"ReadAction\",\"target\":[\"https:\/\/alliances-globalsolutions.com\/fr\/carriere\/\"]}]},{\"@type\":\"BreadcrumbList\",\"@id\":\"https:\/\/alliances-globalsolutions.com\/fr\/carriere\/#breadcrumb\",\"itemListElement\":[{\"@type\":\"ListItem\",\"position\":1,\"name\":\"Accueil\",\"item\":\"https:\/\/alliances-globalsolutions.com\/fr\/\"},{\"@type\":\"ListItem\",\"position\":2,\"name\":\"CARRIERE\"}]}]}<\/script>\n<!-- \/ Yoast SEO plugin. -->","yoast_head_json":{"title":"CARRIERE - AGS","robots":{"index":"index","follow":"follow","max-snippet":"max-snippet:-1","max-image-preview":"max-image-preview:large","max-video-preview":"max-video-preview:-1"},"canonical":"https:\/\/alliances-globalsolutions.com\/fr\/carriere\/","og_locale":"fr_FR","og_type":"article","og_title":"CARRIERE - AGS","og_url":"https:\/\/alliances-globalsolutions.com\/fr\/carriere\/","og_site_name":"AGS","article_modified_time":"2021-02-02T13:02:21+00:00","twitter_card":"summary_large_image","twitter_misc":{"Dur\u00e9e de lecture estim\u00e9e":"5 minutes"},"schema":{"@context":"https:\/\/schema.org","@graph":[{"@type":"Organization","@id":"https:\/\/alliances-globalsolutions.com\/fr\/#organization","name":"alliances-globalsolutions.com","url":"https:\/\/alliances-globalsolutions.com\/fr\/","sameAs":[],"logo":{"@type":"ImageObject","@id":"https:\/\/alliances-globalsolutions.com\/fr\/#logo","inLanguage":"fr-FR","url":"https:\/\/alliances-globalsolutions.com\/wp-content\/uploads\/2020\/12\/logo_AGS_sans_texte_blanc-e1608196570428.png","contentUrl":"https:\/\/alliances-globalsolutions.com\/wp-content\/uploads\/2020\/12\/logo_AGS_sans_texte_blanc-e1608196570428.png","width":300,"height":158,"caption":"alliances-globalsolutions.com"},"image":{"@id":"https:\/\/alliances-globalsolutions.com\/fr\/#logo"}},{"@type":"WebSite","@id":"https:\/\/alliances-globalsolutions.com\/fr\/#website","url":"https:\/\/alliances-globalsolutions.com\/fr\/","name":"AGS","description":"Your solution, our concern","publisher":{"@id":"https:\/\/alliances-globalsolutions.com\/fr\/#organization"},"potentialAction":[{"@type":"SearchAction","target":{"@type":"EntryPoint","urlTemplate":"https:\/\/alliances-globalsolutions.com\/fr\/?s={search_term_string}"},"query-input":"required name=search_term_string"}],"inLanguage":"fr-FR"},{"@type":"WebPage","@id":"https:\/\/alliances-globalsolutions.com\/fr\/carriere\/#webpage","url":"https:\/\/alliances-globalsolutions.com\/fr\/carriere\/","name":"CARRIERE - AGS","isPartOf":{"@id":"https:\/\/alliances-globalsolutions.com\/fr\/#website"},"datePublished":"2021-01-31T12:55:44+00:00","dateModified":"2021-02-02T13:02:21+00:00","breadcrumb":{"@id":"https:\/\/alliances-globalsolutions.com\/fr\/carriere\/#breadcrumb"},"inLanguage":"fr-FR","potentialAction":[{"@type":"ReadAction","target":["https:\/\/alliances-globalsolutions.com\/fr\/carriere\/"]}]},{"@type":"BreadcrumbList","@id":"https:\/\/alliances-globalsolutions.com\/fr\/carriere\/#breadcrumb","itemListElement":[{"@type":"ListItem","position":1,"name":"Accueil","item":"https:\/\/alliances-globalsolutions.com\/fr\/"},{"@type":"ListItem","position":2,"name":"CARRIERE"}]}]}},"_links":{"self":[{"href":"https:\/\/alliances-globalsolutions.com\/fr\/wp-json\/wp\/v2\/pages\/2910"}],"collection":[{"href":"https:\/\/alliances-globalsolutions.com\/fr\/wp-json\/wp\/v2\/pages"}],"about":[{"href":"https:\/\/alliances-globalsolutions.com\/fr\/wp-json\/wp\/v2\/types\/page"}],"author":[{"embeddable":true,"href":"https:\/\/alliances-globalsolutions.com\/fr\/wp-json\/wp\/v2\/users\/1"}],"replies":[{"embeddable":true,"href":"https:\/\/alliances-globalsolutions.com\/fr\/wp-json\/wp\/v2\/comments?post=2910"}],"version-history":[{"count":2,"href":"https:\/\/alliances-globalsolutions.com\/fr\/wp-json\/wp\/v2\/pages\/2910\/revisions"}],"predecessor-version":[{"id":2913,"href":"https:\/\/alliances-globalsolutions.com\/fr\/wp-json\/wp\/v2\/pages\/2910\/revisions\/2913"}],"wp:attachment":[{"href":"https:\/\/alliances-globalsolutions.com\/fr\/wp-json\/wp\/v2\/media?parent=2910"}],"curies":[{"name":"wp","href":"https:\/\/api.w.org\/{rel}","templated":true}]}}