{"id":2904,"date":"2021-01-30T00:09:08","date_gmt":"2021-01-29T23:09:08","guid":{"rendered":"https:\/\/alliances-globalsolutions.com\/notre-vision\/"},"modified":"2021-02-10T23:23:27","modified_gmt":"2021-02-10T22:23:27","slug":"notre-vision","status":"publish","type":"page","link":"https:\/\/alliances-globalsolutions.com\/fr\/notre-vision\/","title":{"rendered":"Notre vision"},"content":{"rendered":"<div id='av-layout-grid-1'  class='av-layout-grid-container entry-content-wrapper main_color av-fixed-cells     avia-builder-el-0  avia-builder-el-no-sibling  container_wrap sidebar_right' style=' '  >\n<div class=\"flex_cell no_margin av_one_half  avia-builder-el-1  el_before_av_cell_one_half  avia-builder-el-first   \"  style='background: #ffffff; vertical-align:top; padding:20; background-color:#ffffff; ' ><div class='flex_cell_inner' ><div  class='avia-image-container  av-styling- av-hover-grow av-hide-overflow   avia-builder-el-2  avia-builder-el-no-sibling  avia-align-center '  itemprop=\"image\" itemscope=\"itemscope\" itemtype=\"https:\/\/schema.org\/ImageObject\"  ><div class='avia-image-container-inner'><div class='avia-image-overlay-wrap'><img class='wp-image-2596 avia-img-lazy-loading-not-2596 avia_image' src=\"https:\/\/alliances-globalsolutions.com\/wp-content\/uploads\/2020\/12\/vision-photo_2.jpg\" alt='Photo de personnes au travail' title='Photo de personnes au travail' height=\"708\" width=\"750\"  itemprop=\"thumbnailUrl\" srcset=\"https:\/\/alliances-globalsolutions.com\/wp-content\/uploads\/2020\/12\/vision-photo_2.jpg 750w, https:\/\/alliances-globalsolutions.com\/wp-content\/uploads\/2020\/12\/vision-photo_2-300x283.jpg 300w, https:\/\/alliances-globalsolutions.com\/wp-content\/uploads\/2020\/12\/vision-photo_2-705x666.jpg 705w\" sizes=\"(max-width: 750px) 100vw, 750px\" \/><\/div><\/div><\/div>\n<\/div><\/div><div class=\"flex_cell no_margin av_one_half  avia-builder-el-3  el_after_av_cell_one_half  avia-builder-el-last   \"  style='background: #ffffff; vertical-align:middle; padding:25; background-color:#ffffff; ' ><div class='flex_cell_inner' ><section class=\"av_textblock_section \"  itemscope=\"itemscope\" itemtype=\"https:\/\/schema.org\/CreativeWork\" ><div class='avia_textblock  av_inherit_color '  style='font-size:35px; color:#ffffff; '  itemprop=\"text\" ><h1><span style=\"color: #808080;\">Nous sommes une entreprise mondiale men\u00e9e par des valeurs fortes et des conditions \u00e9thiques avec une \u00e9quipe fid\u00e8le, engag\u00e9e \u00e0 mettre leur expertise au service du succ\u00e8s de leurs clients.<\/span><\/h1>\n<\/div><\/section>\n<\/div><\/div><\/div>\n","protected":false},"excerpt":{"rendered":"","protected":false},"author":1,"featured_media":0,"parent":0,"menu_order":0,"comment_status":"closed","ping_status":"closed","template":"","meta":{"_monsterinsights_skip_tracking":false,"_monsterinsights_sitenote_active":false,"_monsterinsights_sitenote_note":"","_monsterinsights_sitenote_category":0},"yoast_head":"<!-- This site is optimized with the Yoast SEO plugin v18.4.1 - https:\/\/yoast.com\/wordpress\/plugins\/seo\/ -->\n<title>Notre vision - AGS<\/title>\n<meta name=\"robots\" content=\"index, follow, max-snippet:-1, max-image-preview:large, max-video-preview:-1\" \/>\n<link rel=\"canonical\" href=\"https:\/\/alliances-globalsolutions.com\/fr\/notre-vision\/\" \/>\n<meta property=\"og:locale\" content=\"fr_FR\" \/>\n<meta property=\"og:type\" content=\"article\" \/>\n<meta property=\"og:title\" content=\"Notre vision - AGS\" \/>\n<meta property=\"og:url\" content=\"https:\/\/alliances-globalsolutions.com\/fr\/notre-vision\/\" \/>\n<meta property=\"og:site_name\" content=\"AGS\" \/>\n<meta property=\"article:modified_time\" content=\"2021-02-10T22:23:27+00:00\" \/>\n<meta name=\"twitter:card\" content=\"summary_large_image\" \/>\n<meta name=\"twitter:label1\" content=\"Dur\u00e9e de lecture estim\u00e9e\" \/>\n\t<meta name=\"twitter:data1\" content=\"2 minutes\" \/>\n<script type=\"application\/ld+json\" class=\"yoast-schema-graph\">{\"@context\":\"https:\/\/schema.org\",\"@graph\":[{\"@type\":\"Organization\",\"@id\":\"https:\/\/alliances-globalsolutions.com\/fr\/#organization\",\"name\":\"alliances-globalsolutions.com\",\"url\":\"https:\/\/alliances-globalsolutions.com\/fr\/\",\"sameAs\":[],\"logo\":{\"@type\":\"ImageObject\",\"@id\":\"https:\/\/alliances-globalsolutions.com\/fr\/#logo\",\"inLanguage\":\"fr-FR\",\"url\":\"https:\/\/alliances-globalsolutions.com\/wp-content\/uploads\/2020\/12\/logo_AGS_sans_texte_blanc-e1608196570428.png\",\"contentUrl\":\"https:\/\/alliances-globalsolutions.com\/wp-content\/uploads\/2020\/12\/logo_AGS_sans_texte_blanc-e1608196570428.png\",\"width\":300,\"height\":158,\"caption\":\"alliances-globalsolutions.com\"},\"image\":{\"@id\":\"https:\/\/alliances-globalsolutions.com\/fr\/#logo\"}},{\"@type\":\"WebSite\",\"@id\":\"https:\/\/alliances-globalsolutions.com\/fr\/#website\",\"url\":\"https:\/\/alliances-globalsolutions.com\/fr\/\",\"name\":\"AGS\",\"description\":\"Your solution, our concern\",\"publisher\":{\"@id\":\"https:\/\/alliances-globalsolutions.com\/fr\/#organization\"},\"potentialAction\":[{\"@type\":\"SearchAction\",\"target\":{\"@type\":\"EntryPoint\",\"urlTemplate\":\"https:\/\/alliances-globalsolutions.com\/fr\/?s={search_term_string}\"},\"query-input\":\"required name=search_term_string\"}],\"inLanguage\":\"fr-FR\"},{\"@type\":\"WebPage\",\"@id\":\"https:\/\/alliances-globalsolutions.com\/fr\/notre-vision\/#webpage\",\"url\":\"https:\/\/alliances-globalsolutions.com\/fr\/notre-vision\/\",\"name\":\"Notre vision - AGS\",\"isPartOf\":{\"@id\":\"https:\/\/alliances-globalsolutions.com\/fr\/#website\"},\"datePublished\":\"2021-01-29T23:09:08+00:00\",\"dateModified\":\"2021-02-10T22:23:27+00:00\",\"breadcrumb\":{\"@id\":\"https:\/\/alliances-globalsolutions.com\/fr\/notre-vision\/#breadcrumb\"},\"inLanguage\":\"fr-FR\",\"potentialAction\":[{\"@type\":\"ReadAction\",\"target\":[\"https:\/\/alliances-globalsolutions.com\/fr\/notre-vision\/\"]}]},{\"@type\":\"BreadcrumbList\",\"@id\":\"https:\/\/alliances-globalsolutions.com\/fr\/notre-vision\/#breadcrumb\",\"itemListElement\":[{\"@type\":\"ListItem\",\"position\":1,\"name\":\"Accueil\",\"item\":\"https:\/\/alliances-globalsolutions.com\/fr\/\"},{\"@type\":\"ListItem\",\"position\":2,\"name\":\"Notre vision\"}]}]}<\/script>\n<!-- \/ Yoast SEO plugin. -->","yoast_head_json":{"title":"Notre vision - AGS","robots":{"index":"index","follow":"follow","max-snippet":"max-snippet:-1","max-image-preview":"max-image-preview:large","max-video-preview":"max-video-preview:-1"},"canonical":"https:\/\/alliances-globalsolutions.com\/fr\/notre-vision\/","og_locale":"fr_FR","og_type":"article","og_title":"Notre vision - AGS","og_url":"https:\/\/alliances-globalsolutions.com\/fr\/notre-vision\/","og_site_name":"AGS","article_modified_time":"2021-02-10T22:23:27+00:00","twitter_card":"summary_large_image","twitter_misc":{"Dur\u00e9e de lecture estim\u00e9e":"2 minutes"},"schema":{"@context":"https:\/\/schema.org","@graph":[{"@type":"Organization","@id":"https:\/\/alliances-globalsolutions.com\/fr\/#organization","name":"alliances-globalsolutions.com","url":"https:\/\/alliances-globalsolutions.com\/fr\/","sameAs":[],"logo":{"@type":"ImageObject","@id":"https:\/\/alliances-globalsolutions.com\/fr\/#logo","inLanguage":"fr-FR","url":"https:\/\/alliances-globalsolutions.com\/wp-content\/uploads\/2020\/12\/logo_AGS_sans_texte_blanc-e1608196570428.png","contentUrl":"https:\/\/alliances-globalsolutions.com\/wp-content\/uploads\/2020\/12\/logo_AGS_sans_texte_blanc-e1608196570428.png","width":300,"height":158,"caption":"alliances-globalsolutions.com"},"image":{"@id":"https:\/\/alliances-globalsolutions.com\/fr\/#logo"}},{"@type":"WebSite","@id":"https:\/\/alliances-globalsolutions.com\/fr\/#website","url":"https:\/\/alliances-globalsolutions.com\/fr\/","name":"AGS","description":"Your solution, our concern","publisher":{"@id":"https:\/\/alliances-globalsolutions.com\/fr\/#organization"},"potentialAction":[{"@type":"SearchAction","target":{"@type":"EntryPoint","urlTemplate":"https:\/\/alliances-globalsolutions.com\/fr\/?s={search_term_string}"},"query-input":"required name=search_term_string"}],"inLanguage":"fr-FR"},{"@type":"WebPage","@id":"https:\/\/alliances-globalsolutions.com\/fr\/notre-vision\/#webpage","url":"https:\/\/alliances-globalsolutions.com\/fr\/notre-vision\/","name":"Notre vision - AGS","isPartOf":{"@id":"https:\/\/alliances-globalsolutions.com\/fr\/#website"},"datePublished":"2021-01-29T23:09:08+00:00","dateModified":"2021-02-10T22:23:27+00:00","breadcrumb":{"@id":"https:\/\/alliances-globalsolutions.com\/fr\/notre-vision\/#breadcrumb"},"inLanguage":"fr-FR","potentialAction":[{"@type":"ReadAction","target":["https:\/\/alliances-globalsolutions.com\/fr\/notre-vision\/"]}]},{"@type":"BreadcrumbList","@id":"https:\/\/alliances-globalsolutions.com\/fr\/notre-vision\/#breadcrumb","itemListElement":[{"@type":"ListItem","position":1,"name":"Accueil","item":"https:\/\/alliances-globalsolutions.com\/fr\/"},{"@type":"ListItem","position":2,"name":"Notre vision"}]}]}},"_links":{"self":[{"href":"https:\/\/alliances-globalsolutions.com\/fr\/wp-json\/wp\/v2\/pages\/2904"}],"collection":[{"href":"https:\/\/alliances-globalsolutions.com\/fr\/wp-json\/wp\/v2\/pages"}],"about":[{"href":"https:\/\/alliances-globalsolutions.com\/fr\/wp-json\/wp\/v2\/types\/page"}],"author":[{"embeddable":true,"href":"https:\/\/alliances-globalsolutions.com\/fr\/wp-json\/wp\/v2\/users\/1"}],"replies":[{"embeddable":true,"href":"https:\/\/alliances-globalsolutions.com\/fr\/wp-json\/wp\/v2\/comments?post=2904"}],"version-history":[{"count":5,"href":"https:\/\/alliances-globalsolutions.com\/fr\/wp-json\/wp\/v2\/pages\/2904\/revisions"}],"predecessor-version":[{"id":2959,"href":"https:\/\/alliances-globalsolutions.com\/fr\/wp-json\/wp\/v2\/pages\/2904\/revisions\/2959"}],"wp:attachment":[{"href":"https:\/\/alliances-globalsolutions.com\/fr\/wp-json\/wp\/v2\/media?parent=2904"}],"curies":[{"name":"wp","href":"https:\/\/api.w.org\/{rel}","templated":true}]}}