{"id":2885,"date":"2021-01-27T14:49:42","date_gmt":"2021-01-27T13:49:42","guid":{"rendered":"https:\/\/alliances-globalsolutions.com\/a-propos-2\/"},"modified":"2021-02-02T14:04:26","modified_gmt":"2021-02-02T13:04:26","slug":"a-propos-2","status":"publish","type":"page","link":"https:\/\/alliances-globalsolutions.com\/fr\/a-propos-2\/","title":{"rendered":"\u00c0 PROPOS"},"content":{"rendered":"<div id='av-layout-grid-1'  class='av-layout-grid-container entry-content-wrapper main_color av-flex-cells     avia-builder-el-0  el_before_av_layout_row  avia-builder-el-first  container_wrap sidebar_right' style=' '  >\n<div class=\"flex_cell no_margin av_one_half  avia-builder-el-1  el_before_av_cell_one_half  avia-builder-el-first   avia-full-stretch \"  style='height:500px; min-height:500px;vertical-align:middle; padding:80px; background-color:#22689e; ' ><div class='flex_cell_inner' ><p><div  style='padding-bottom:25px; color:#ffffff;font-size:34px;' class='av-special-heading av-special-heading-h3 custom-color-heading blockquote modern-quote  avia-builder-el-2  el_before_av_textblock  avia-builder-el-first  av-inherit-size '><h3 class='av-special-heading-tag '  itemprop=\"headline\"  >Alliances-Global Solutions SA<\/h3><div class='special-heading-border'><div class='special-heading-inner-border' style='border-color:#ffffff'><\/div><\/div><\/div><br \/>\n<section class=\"av_textblock_section \"  itemscope=\"itemscope\" itemtype=\"https:\/\/schema.org\/CreativeWork\" ><div class='avia_textblock  av_inherit_color '  style='color:#ffffff; '  itemprop=\"text\" ><p>Alliances-Global Solutions SA est un fournisseur de solutions, offrant des services \u00e0 l&rsquo;\u00e9chelle internationale avec des connaissances et une exp\u00e9rience acquises \u00e0 partir d&rsquo;une solide exp\u00e9rience; nous travaillons en \u00e9troite collaboration avec la direction des entreprises priv\u00e9es, des entit\u00e9s publiques et des principaux fournisseurs mondiaux.<\/p>\n<p>En tant qu\u2019entreprise suisse, la base de notre activit\u00e9 repose sur la qualit\u00e9 suisse, reconnue mondialement comme une forte valeur ajout\u00e9e.<\/p>\n<p>Gr\u00e2ce \u00e0 notre solide r\u00e9seau mondial et notre grande expertise dans plusieurs secteurs d\u2019activit\u00e9, notamment dans le health care, nous avons la capacit\u00e9 de r\u00e9pondre \u00e0 des besoins strat\u00e9giques et commerciaux sp\u00e9cifiques, avec une vision int\u00e9gr\u00e9e et au sein de leurs march\u00e9s cibles.<\/p>\n<p>La nature ouverte et entrepreneuriale de nos experts nous permet de mettre l\u2019accent \u00e0 tous les niveaux de nos clients, de faire de leurs besoins, les n\u00f4tres, et de cette fa\u00e7on, r\u00e9soudre leurs plus grands d\u00e9fis ensemble.<\/p>\n<p>En tant que CEO, je me concentre principalement sur \u00ab la solution de notre client, est notre pr\u00e9occupation \u00bb et je m\u2019assure que nous contribuons avec succ\u00e8s \u00e0 la r\u00e9ussite de notre client.<\/p>\n<p>Avec mes salutations les plus sinc\u00e8res,<\/p>\n<p>Cyril JACQUET<br \/>\n<em>CEO<\/em><\/p>\n<\/div><\/section><\/p>\n<\/div><\/div><div class=\"flex_cell no_margin av_one_half  avia-builder-el-4  el_after_av_cell_one_half  avia-builder-el-last   avia-full-stretch \"  style='height:500px; min-height:500px;background:url(https:\/\/alliances-globalsolutions.com\/wp-content\/uploads\/2020\/12\/pexels-mathias-pr-reding-4468990_2.jpg) bottom left no-repeat scroll #22689e; vertical-align:middle; padding:80px; background-color:#22689e; ' ><div class='flex_cell_inner' ><\/div><\/div>\n<\/div>\n<div id='av-layout-grid-2'  class='av-layout-grid-container entry-content-wrapper main_color av-flex-cells     avia-builder-el-5  el_after_av_layout_row  avia-builder-el-last  submenu-not-first container_wrap sidebar_right' style=' '  >\n<div class=\"flex_cell no_margin av_one_third  avia-builder-el-6  el_before_av_cell_one_third  avia-builder-el-first   avia-full-stretch \"  style='vertical-align:middle; padding:80px 50px 80px 50px ; background-color:#2388c2; ' ><div class='flex_cell_inner' ><a href='https:\/\/alliances-globalsolutions.com\/our-vision\/' title='' target=\"_blank\" rel=\"noopener noreferrer\" class=\"avia-animated-number av-force-default-color  avia-color-font-custom  avia-builder-el-7  avia-builder-el-no-sibling  avia_animate_when_visible\" style='color:#ffffff;' data-timer=\"3000\"><strong class=\"heading avia-animated-number-title\" style='font-size:34px;'><span class=\"avia-no-number\">Notre vision<\/span><\/strong><div class='avia-animated-number-content' style='font-size:20px;'><p>DEMANDE DE RENSEIGNEMENTS<\/p>\n<\/div><\/a>\n<\/div><\/div><div class=\"flex_cell no_margin av_one_third  avia-builder-el-8  el_after_av_cell_one_third  el_before_av_cell_one_third   avia-full-stretch \"  style='vertical-align:middle; padding:80px 50px 80px 50px ; background-color:#379cd6; ' ><div class='flex_cell_inner' ><a href='https:\/\/alliances-globalsolutions.com\/fr\/nos-valeurs\/' title=''   class=\"avia-animated-number av-force-default-color  avia-color-font-custom  avia-builder-el-9  avia-builder-el-no-sibling  avia_animate_when_visible\" style='color:#ffffff;' data-timer=\"3000\"><strong class=\"heading avia-animated-number-title\" style='font-size:34px;'><span class=\"avia-no-number\">Nos valeurs<\/span><\/strong><div class='avia-animated-number-content' style='font-size:20px;'><p>DEMANDE DE RENSEIGNEMENTS<\/p>\n<\/div><\/a>\n<\/div><\/div><div class=\"flex_cell no_margin av_one_third  avia-builder-el-10  el_after_av_cell_one_third  avia-builder-el-last   avia-full-stretch \"  style='vertical-align:middle; padding:80px 50px 80px 50px ; background-color:#5fb4e4; ' ><div class='flex_cell_inner' ><a href='https:\/\/alliances-globalsolutions.com\/fr\/notre-philosophie\/' title=''  target=\"_blank\"  rel=\"noopener noreferrer\"  class=\"avia-animated-number av-force-default-color  avia-color-font-custom  avia-builder-el-11  avia-builder-el-no-sibling  avia_animate_when_visible\" style='color:#ffffff;' data-timer=\"3000\"><strong class=\"heading avia-animated-number-title\" style='font-size:34px;'><span class=\"avia-no-number\">Notre philosophie<\/span><\/strong><div class='avia-animated-number-content' style='font-size:20px;'><p>DEMANDE DE RENSEIGNEMENTS<\/p>\n<\/div><\/a>\n<\/div><\/div><\/div>\n","protected":false},"excerpt":{"rendered":"","protected":false},"author":1,"featured_media":0,"parent":0,"menu_order":0,"comment_status":"closed","ping_status":"closed","template":"","meta":{"_monsterinsights_skip_tracking":false,"_monsterinsights_sitenote_active":false,"_monsterinsights_sitenote_note":"","_monsterinsights_sitenote_category":0},"yoast_head":"<!-- This site is optimized with the Yoast SEO plugin v18.4.1 - https:\/\/yoast.com\/wordpress\/plugins\/seo\/ -->\n<title>\u00c0 PROPOS - AGS<\/title>\n<meta name=\"robots\" content=\"index, follow, max-snippet:-1, max-image-preview:large, max-video-preview:-1\" \/>\n<link rel=\"canonical\" href=\"https:\/\/alliances-globalsolutions.com\/fr\/a-propos-2\/\" \/>\n<meta property=\"og:locale\" content=\"fr_FR\" \/>\n<meta property=\"og:type\" content=\"article\" \/>\n<meta property=\"og:title\" content=\"\u00c0 PROPOS - AGS\" \/>\n<meta property=\"og:url\" content=\"https:\/\/alliances-globalsolutions.com\/fr\/a-propos-2\/\" \/>\n<meta property=\"og:site_name\" content=\"AGS\" \/>\n<meta property=\"article:modified_time\" content=\"2021-02-02T13:04:26+00:00\" \/>\n<meta name=\"twitter:card\" content=\"summary_large_image\" \/>\n<meta name=\"twitter:label1\" content=\"Dur\u00e9e de lecture estim\u00e9e\" \/>\n\t<meta name=\"twitter:data1\" content=\"2 minutes\" \/>\n<script type=\"application\/ld+json\" class=\"yoast-schema-graph\">{\"@context\":\"https:\/\/schema.org\",\"@graph\":[{\"@type\":\"Organization\",\"@id\":\"https:\/\/alliances-globalsolutions.com\/fr\/#organization\",\"name\":\"alliances-globalsolutions.com\",\"url\":\"https:\/\/alliances-globalsolutions.com\/fr\/\",\"sameAs\":[],\"logo\":{\"@type\":\"ImageObject\",\"@id\":\"https:\/\/alliances-globalsolutions.com\/fr\/#logo\",\"inLanguage\":\"fr-FR\",\"url\":\"https:\/\/alliances-globalsolutions.com\/wp-content\/uploads\/2020\/12\/logo_AGS_sans_texte_blanc-e1608196570428.png\",\"contentUrl\":\"https:\/\/alliances-globalsolutions.com\/wp-content\/uploads\/2020\/12\/logo_AGS_sans_texte_blanc-e1608196570428.png\",\"width\":300,\"height\":158,\"caption\":\"alliances-globalsolutions.com\"},\"image\":{\"@id\":\"https:\/\/alliances-globalsolutions.com\/fr\/#logo\"}},{\"@type\":\"WebSite\",\"@id\":\"https:\/\/alliances-globalsolutions.com\/fr\/#website\",\"url\":\"https:\/\/alliances-globalsolutions.com\/fr\/\",\"name\":\"AGS\",\"description\":\"Your solution, our concern\",\"publisher\":{\"@id\":\"https:\/\/alliances-globalsolutions.com\/fr\/#organization\"},\"potentialAction\":[{\"@type\":\"SearchAction\",\"target\":{\"@type\":\"EntryPoint\",\"urlTemplate\":\"https:\/\/alliances-globalsolutions.com\/fr\/?s={search_term_string}\"},\"query-input\":\"required name=search_term_string\"}],\"inLanguage\":\"fr-FR\"},{\"@type\":\"WebPage\",\"@id\":\"https:\/\/alliances-globalsolutions.com\/fr\/a-propos-2\/#webpage\",\"url\":\"https:\/\/alliances-globalsolutions.com\/fr\/a-propos-2\/\",\"name\":\"\u00c0 PROPOS - AGS\",\"isPartOf\":{\"@id\":\"https:\/\/alliances-globalsolutions.com\/fr\/#website\"},\"datePublished\":\"2021-01-27T13:49:42+00:00\",\"dateModified\":\"2021-02-02T13:04:26+00:00\",\"breadcrumb\":{\"@id\":\"https:\/\/alliances-globalsolutions.com\/fr\/a-propos-2\/#breadcrumb\"},\"inLanguage\":\"fr-FR\",\"potentialAction\":[{\"@type\":\"ReadAction\",\"target\":[\"https:\/\/alliances-globalsolutions.com\/fr\/a-propos-2\/\"]}]},{\"@type\":\"BreadcrumbList\",\"@id\":\"https:\/\/alliances-globalsolutions.com\/fr\/a-propos-2\/#breadcrumb\",\"itemListElement\":[{\"@type\":\"ListItem\",\"position\":1,\"name\":\"Accueil\",\"item\":\"https:\/\/alliances-globalsolutions.com\/fr\/\"},{\"@type\":\"ListItem\",\"position\":2,\"name\":\"\u00c0 PROPOS\"}]}]}<\/script>\n<!-- \/ Yoast SEO plugin. -->","yoast_head_json":{"title":"\u00c0 PROPOS - AGS","robots":{"index":"index","follow":"follow","max-snippet":"max-snippet:-1","max-image-preview":"max-image-preview:large","max-video-preview":"max-video-preview:-1"},"canonical":"https:\/\/alliances-globalsolutions.com\/fr\/a-propos-2\/","og_locale":"fr_FR","og_type":"article","og_title":"\u00c0 PROPOS - AGS","og_url":"https:\/\/alliances-globalsolutions.com\/fr\/a-propos-2\/","og_site_name":"AGS","article_modified_time":"2021-02-02T13:04:26+00:00","twitter_card":"summary_large_image","twitter_misc":{"Dur\u00e9e de lecture estim\u00e9e":"2 minutes"},"schema":{"@context":"https:\/\/schema.org","@graph":[{"@type":"Organization","@id":"https:\/\/alliances-globalsolutions.com\/fr\/#organization","name":"alliances-globalsolutions.com","url":"https:\/\/alliances-globalsolutions.com\/fr\/","sameAs":[],"logo":{"@type":"ImageObject","@id":"https:\/\/alliances-globalsolutions.com\/fr\/#logo","inLanguage":"fr-FR","url":"https:\/\/alliances-globalsolutions.com\/wp-content\/uploads\/2020\/12\/logo_AGS_sans_texte_blanc-e1608196570428.png","contentUrl":"https:\/\/alliances-globalsolutions.com\/wp-content\/uploads\/2020\/12\/logo_AGS_sans_texte_blanc-e1608196570428.png","width":300,"height":158,"caption":"alliances-globalsolutions.com"},"image":{"@id":"https:\/\/alliances-globalsolutions.com\/fr\/#logo"}},{"@type":"WebSite","@id":"https:\/\/alliances-globalsolutions.com\/fr\/#website","url":"https:\/\/alliances-globalsolutions.com\/fr\/","name":"AGS","description":"Your solution, our concern","publisher":{"@id":"https:\/\/alliances-globalsolutions.com\/fr\/#organization"},"potentialAction":[{"@type":"SearchAction","target":{"@type":"EntryPoint","urlTemplate":"https:\/\/alliances-globalsolutions.com\/fr\/?s={search_term_string}"},"query-input":"required name=search_term_string"}],"inLanguage":"fr-FR"},{"@type":"WebPage","@id":"https:\/\/alliances-globalsolutions.com\/fr\/a-propos-2\/#webpage","url":"https:\/\/alliances-globalsolutions.com\/fr\/a-propos-2\/","name":"\u00c0 PROPOS - AGS","isPartOf":{"@id":"https:\/\/alliances-globalsolutions.com\/fr\/#website"},"datePublished":"2021-01-27T13:49:42+00:00","dateModified":"2021-02-02T13:04:26+00:00","breadcrumb":{"@id":"https:\/\/alliances-globalsolutions.com\/fr\/a-propos-2\/#breadcrumb"},"inLanguage":"fr-FR","potentialAction":[{"@type":"ReadAction","target":["https:\/\/alliances-globalsolutions.com\/fr\/a-propos-2\/"]}]},{"@type":"BreadcrumbList","@id":"https:\/\/alliances-globalsolutions.com\/fr\/a-propos-2\/#breadcrumb","itemListElement":[{"@type":"ListItem","position":1,"name":"Accueil","item":"https:\/\/alliances-globalsolutions.com\/fr\/"},{"@type":"ListItem","position":2,"name":"\u00c0 PROPOS"}]}]}},"_links":{"self":[{"href":"https:\/\/alliances-globalsolutions.com\/fr\/wp-json\/wp\/v2\/pages\/2885"}],"collection":[{"href":"https:\/\/alliances-globalsolutions.com\/fr\/wp-json\/wp\/v2\/pages"}],"about":[{"href":"https:\/\/alliances-globalsolutions.com\/fr\/wp-json\/wp\/v2\/types\/page"}],"author":[{"embeddable":true,"href":"https:\/\/alliances-globalsolutions.com\/fr\/wp-json\/wp\/v2\/users\/1"}],"replies":[{"embeddable":true,"href":"https:\/\/alliances-globalsolutions.com\/fr\/wp-json\/wp\/v2\/comments?post=2885"}],"version-history":[{"count":8,"href":"https:\/\/alliances-globalsolutions.com\/fr\/wp-json\/wp\/v2\/pages\/2885\/revisions"}],"predecessor-version":[{"id":2915,"href":"https:\/\/alliances-globalsolutions.com\/fr\/wp-json\/wp\/v2\/pages\/2885\/revisions\/2915"}],"wp:attachment":[{"href":"https:\/\/alliances-globalsolutions.com\/fr\/wp-json\/wp\/v2\/media?parent=2885"}],"curies":[{"name":"wp","href":"https:\/\/api.w.org\/{rel}","templated":true}]}}