{"id":2351,"date":"2021-01-18T14:16:15","date_gmt":"2021-01-18T13:16:15","guid":{"rendered":"https:\/\/alliances-globalsolutions.com\/logistique-transport-ags\/"},"modified":"2021-02-04T15:33:55","modified_gmt":"2021-02-04T14:33:55","slug":"logistique-transport-ags","status":"publish","type":"page","link":"https:\/\/alliances-globalsolutions.com\/fr\/logistique-transport-ags\/","title":{"rendered":"Logistique &#038; Transport"},"content":{"rendered":"<div id='av-layout-grid-1'  class='av-layout-grid-container entry-content-wrapper main_color av-flex-cells     avia-builder-el-0  el_before_av_one_third  avia-builder-el-first  container_wrap sidebar_right' style=' '  >\n<div class=\"flex_cell no_margin av_one_half  avia-builder-el-1  el_before_av_cell_one_half  avia-builder-el-first   avia-full-stretch \"  style='height:500px; min-height:500px;background: #22689e; vertical-align:middle; padding:80px; background-color:#22689e; ' ><div class='flex_cell_inner' ><p><div  style='padding-bottom:25px; color:#ffffff;font-size:34px;' class='av-special-heading av-special-heading-h1 custom-color-heading blockquote modern-quote  avia-builder-el-2  el_before_av_textblock  avia-builder-el-first  av-inherit-size '><h1 class='av-special-heading-tag '  itemprop=\"headline\"  >Logistique <span class='special_amp'>&amp;<\/span> Transport<\/h1><div class='special-heading-border'><div class='special-heading-inner-border' style='border-color:#ffffff'><\/div><\/div><\/div><br \/>\n<section class=\"av_textblock_section \"  itemscope=\"itemscope\" itemtype=\"https:\/\/schema.org\/CreativeWork\" ><div class='avia_textblock  av_inherit_color '  style='color:#ffffff; '  itemprop=\"text\" ><p>Avec plus de 10 ans d\u2019exp\u00e9rience, nos experts sont des professionnels de la logistique de transport multimodal, capables de faire face \u00e0 la complexit\u00e9 des proc\u00e9dures et des risques de chaque type de marchandises, qui doivent \u00eatre transport\u00e9s.<br \/>\nNous avons le contr\u00f4le et la gestion compl\u00e8te des cha\u00eenes d\u2019approvisionnement, de la production \u00e0 la livraison, porte \u00e0 porte.<\/p>\n<p>Dans le cadre des services que nous offrons :<\/p>\n<ul>\n<li>Manutention de marchandises surdimensionn\u00e9es, projet de cargaison et\/ou mati\u00e8res dangereuses<\/li>\n<li>Fret consolid\u00e9e, d\u00e9congel\u00e9e, r\u00e9frig\u00e9r\u00e9e.<\/li>\n<li>Gestion des documents pour l\u2019exp\u00e9dition et l\u2018importation de votre cargaison.<\/li>\n<li>Suivi quotidien sur l\u2019emplacement de vos marchandises et la livraison \u00e0 la destination convenue.<\/li>\n<li>En cas de besoin : Contracter une assurance, les agences de d\u00e9douanement pour importer vos marchandises avec certification OAS.<\/li>\n<\/ul>\n<p>Nous sommes fermement engag\u00e9s \u00e0 offrir les meilleures alternatives et solutions aux besoins demand\u00e9s par votre entreprise, en prenant toujours soin d\u2019\u00eatre en mesure de fournir la meilleure proc\u00e9dure \u00e0 toutes les exigences de transport multimodal.<\/p>\n<p><strong>CARGAISON FCL<\/strong><br \/>\nFCL Load<br \/>\nFret surdimensionn\u00e9<br \/>\nTransport international<br \/>\nTransport urbain<\/p>\n<p><strong>TRANSPORT MARITIME<\/strong><br \/>\nCargaison FCL Fret surdimensionn\u00e9<br \/>\nCargaison LCL Fret r\u00e9frig\u00e9r\u00e9<\/p>\n<p><strong>TRANSPORT A\u00c9RIEN<\/strong><br \/>\nFret g\u00e9n\u00e9ral<br \/>\nFret r\u00e9frig\u00e9r\u00e9<br \/>\nMati\u00e8res dangereuses<\/p>\n<\/div><\/section><\/p>\n<\/div><\/div><div class=\"flex_cell no_margin av_one_half  avia-builder-el-4  el_after_av_cell_one_half  avia-builder-el-last   av-zero-padding \"  style='height:500px; min-height:500px;background: #22689e; vertical-align:middle; padding:0; background-color:#22689e; ' ><div class='flex_cell_inner' ><div  class='avia-image-container  av-styling- av-hover-grow av-hide-overflow   avia-builder-el-5  avia-builder-el-no-sibling  avia-align-left '  itemprop=\"image\" itemscope=\"itemscope\" itemtype=\"https:\/\/schema.org\/ImageObject\"  ><div class='avia-image-container-inner'><div class='avia-image-overlay-wrap'><img class='wp-image-2202 avia-img-lazy-loading-not-2202 avia_image' src=\"https:\/\/alliances-globalsolutions.com\/wp-content\/uploads\/2020\/12\/Logictic_3.jpg\" alt='Logistique &amp; transport' title='PROJETS SP\u00c9CIAUX' height=\"708\" width=\"1023\"  itemprop=\"thumbnailUrl\" srcset=\"https:\/\/alliances-globalsolutions.com\/wp-content\/uploads\/2020\/12\/Logictic_3.jpg 1023w, https:\/\/alliances-globalsolutions.com\/wp-content\/uploads\/2020\/12\/Logictic_3-300x208.jpg 300w, https:\/\/alliances-globalsolutions.com\/wp-content\/uploads\/2020\/12\/Logictic_3-768x532.jpg 768w, https:\/\/alliances-globalsolutions.com\/wp-content\/uploads\/2020\/12\/Logictic_3-705x488.jpg 705w\" sizes=\"(max-width: 1023px) 100vw, 1023px\" \/><\/div><\/div><\/div>\n<\/div><\/div><\/div><div id='after_submenu_1'  class='main_color av_default_container_wrap container_wrap sidebar_right' style=' '  ><div class='container' ><div class='template-page content  av-content-small alpha units'><div class='post-entry post-entry-type-page post-entry-2351'><div class='entry-content-wrapper clearfix'><div class='flex_column_table av-equal-height-column-flextable -flextable' style='margin-top:-200px; margin-bottom:0px; '><div class=\"flex_column av_one_third  no_margin flex_column_table_cell av-equal-height-column av-align-top first  avia-builder-el-6  el_after_av_layout_row  el_before_av_one_third  avia-builder-el-first  \" style='padding:40px; border-radius:0px; '><\/div><\/p>\n<div class=\"flex_column av_one_third  no_margin flex_column_table_cell av-equal-height-column av-align-top   avia-builder-el-7  el_after_av_one_third  el_before_av_one_third  \" style='padding:40px; background-color:#379cd6; border-radius:0px; '><p><div  style='height:20px' class='hr hr-invisible   avia-builder-el-8  el_before_av_textblock  avia-builder-el-first '><span class='hr-inner ' ><span class='hr-inner-style'><\/span><\/span><\/div><br \/>\n<section class=\"av_textblock_section \"  itemscope=\"itemscope\" itemtype=\"https:\/\/schema.org\/CreativeWork\" ><div class='avia_textblock  av_inherit_color '  style='color:#ffffff; '  itemprop=\"text\" ><h4 style=\"text-align: center;\">DEMANDE POUR UNE OFFRE<\/h4>\n<\/div><\/section><br \/>\n<div  style='height:8px' class='hr hr-invisible   avia-builder-el-10  el_after_av_textblock  el_before_av_button '><span class='hr-inner ' ><span class='hr-inner-style'><\/span><\/span><\/div><br \/>\n<div  class='avia-button-wrap avia-button-center  avia-builder-el-11  el_after_av_hr  avia-builder-el-last ' ><a href='https:\/\/alliances-globalsolutions.com\/fr\/contact\/'  class='avia-button  avia-color-light   avia-icon_select-no avia-size-medium avia-position-center '   ><span class='avia_iconbox_title' >Demande de renseignements<\/span><\/a><\/div><\/p><\/div>\n<div class=\"flex_column av_one_third  no_margin flex_column_table_cell av-equal-height-column av-align-top   avia-builder-el-12  el_after_av_one_third  avia-builder-el-last  \" style='padding:40px; border-radius:0px; '><\/div><\/div><!--close column table wrapper. Autoclose: 1 -->\n","protected":false},"excerpt":{"rendered":"","protected":false},"author":1,"featured_media":0,"parent":0,"menu_order":0,"comment_status":"closed","ping_status":"closed","template":"","meta":{"_monsterinsights_skip_tracking":false,"_monsterinsights_sitenote_active":false,"_monsterinsights_sitenote_note":"","_monsterinsights_sitenote_category":0},"yoast_head":"<!-- This site is optimized with the Yoast SEO plugin v18.4.1 - https:\/\/yoast.com\/wordpress\/plugins\/seo\/ -->\n<title>Logistique &amp; Transport - AGS<\/title>\n<meta name=\"robots\" content=\"index, follow, max-snippet:-1, max-image-preview:large, max-video-preview:-1\" \/>\n<link rel=\"canonical\" href=\"https:\/\/alliances-globalsolutions.com\/fr\/logistique-transport-ags\/\" \/>\n<meta property=\"og:locale\" content=\"fr_FR\" \/>\n<meta property=\"og:type\" content=\"article\" \/>\n<meta property=\"og:title\" content=\"Logistique &amp; Transport - AGS\" \/>\n<meta property=\"og:url\" content=\"https:\/\/alliances-globalsolutions.com\/fr\/logistique-transport-ags\/\" \/>\n<meta property=\"og:site_name\" content=\"AGS\" \/>\n<meta property=\"article:modified_time\" content=\"2021-02-04T14:33:55+00:00\" \/>\n<meta name=\"twitter:card\" content=\"summary_large_image\" \/>\n<meta name=\"twitter:label1\" content=\"Dur\u00e9e de lecture estim\u00e9e\" \/>\n\t<meta name=\"twitter:data1\" content=\"2 minutes\" \/>\n<script type=\"application\/ld+json\" class=\"yoast-schema-graph\">{\"@context\":\"https:\/\/schema.org\",\"@graph\":[{\"@type\":\"Organization\",\"@id\":\"https:\/\/alliances-globalsolutions.com\/fr\/#organization\",\"name\":\"alliances-globalsolutions.com\",\"url\":\"https:\/\/alliances-globalsolutions.com\/fr\/\",\"sameAs\":[],\"logo\":{\"@type\":\"ImageObject\",\"@id\":\"https:\/\/alliances-globalsolutions.com\/fr\/#logo\",\"inLanguage\":\"fr-FR\",\"url\":\"https:\/\/alliances-globalsolutions.com\/wp-content\/uploads\/2020\/12\/logo_AGS_sans_texte_blanc-e1608196570428.png\",\"contentUrl\":\"https:\/\/alliances-globalsolutions.com\/wp-content\/uploads\/2020\/12\/logo_AGS_sans_texte_blanc-e1608196570428.png\",\"width\":300,\"height\":158,\"caption\":\"alliances-globalsolutions.com\"},\"image\":{\"@id\":\"https:\/\/alliances-globalsolutions.com\/fr\/#logo\"}},{\"@type\":\"WebSite\",\"@id\":\"https:\/\/alliances-globalsolutions.com\/fr\/#website\",\"url\":\"https:\/\/alliances-globalsolutions.com\/fr\/\",\"name\":\"AGS\",\"description\":\"Your solution, our concern\",\"publisher\":{\"@id\":\"https:\/\/alliances-globalsolutions.com\/fr\/#organization\"},\"potentialAction\":[{\"@type\":\"SearchAction\",\"target\":{\"@type\":\"EntryPoint\",\"urlTemplate\":\"https:\/\/alliances-globalsolutions.com\/fr\/?s={search_term_string}\"},\"query-input\":\"required name=search_term_string\"}],\"inLanguage\":\"fr-FR\"},{\"@type\":\"WebPage\",\"@id\":\"https:\/\/alliances-globalsolutions.com\/fr\/logistique-transport-ags\/#webpage\",\"url\":\"https:\/\/alliances-globalsolutions.com\/fr\/logistique-transport-ags\/\",\"name\":\"Logistique & Transport - AGS\",\"isPartOf\":{\"@id\":\"https:\/\/alliances-globalsolutions.com\/fr\/#website\"},\"datePublished\":\"2021-01-18T13:16:15+00:00\",\"dateModified\":\"2021-02-04T14:33:55+00:00\",\"breadcrumb\":{\"@id\":\"https:\/\/alliances-globalsolutions.com\/fr\/logistique-transport-ags\/#breadcrumb\"},\"inLanguage\":\"fr-FR\",\"potentialAction\":[{\"@type\":\"ReadAction\",\"target\":[\"https:\/\/alliances-globalsolutions.com\/fr\/logistique-transport-ags\/\"]}]},{\"@type\":\"BreadcrumbList\",\"@id\":\"https:\/\/alliances-globalsolutions.com\/fr\/logistique-transport-ags\/#breadcrumb\",\"itemListElement\":[{\"@type\":\"ListItem\",\"position\":1,\"name\":\"Accueil\",\"item\":\"https:\/\/alliances-globalsolutions.com\/fr\/\"},{\"@type\":\"ListItem\",\"position\":2,\"name\":\"Logistique &#038; Transport\"}]}]}<\/script>\n<!-- \/ Yoast SEO plugin. -->","yoast_head_json":{"title":"Logistique & Transport - AGS","robots":{"index":"index","follow":"follow","max-snippet":"max-snippet:-1","max-image-preview":"max-image-preview:large","max-video-preview":"max-video-preview:-1"},"canonical":"https:\/\/alliances-globalsolutions.com\/fr\/logistique-transport-ags\/","og_locale":"fr_FR","og_type":"article","og_title":"Logistique & Transport - AGS","og_url":"https:\/\/alliances-globalsolutions.com\/fr\/logistique-transport-ags\/","og_site_name":"AGS","article_modified_time":"2021-02-04T14:33:55+00:00","twitter_card":"summary_large_image","twitter_misc":{"Dur\u00e9e de lecture estim\u00e9e":"2 minutes"},"schema":{"@context":"https:\/\/schema.org","@graph":[{"@type":"Organization","@id":"https:\/\/alliances-globalsolutions.com\/fr\/#organization","name":"alliances-globalsolutions.com","url":"https:\/\/alliances-globalsolutions.com\/fr\/","sameAs":[],"logo":{"@type":"ImageObject","@id":"https:\/\/alliances-globalsolutions.com\/fr\/#logo","inLanguage":"fr-FR","url":"https:\/\/alliances-globalsolutions.com\/wp-content\/uploads\/2020\/12\/logo_AGS_sans_texte_blanc-e1608196570428.png","contentUrl":"https:\/\/alliances-globalsolutions.com\/wp-content\/uploads\/2020\/12\/logo_AGS_sans_texte_blanc-e1608196570428.png","width":300,"height":158,"caption":"alliances-globalsolutions.com"},"image":{"@id":"https:\/\/alliances-globalsolutions.com\/fr\/#logo"}},{"@type":"WebSite","@id":"https:\/\/alliances-globalsolutions.com\/fr\/#website","url":"https:\/\/alliances-globalsolutions.com\/fr\/","name":"AGS","description":"Your solution, our concern","publisher":{"@id":"https:\/\/alliances-globalsolutions.com\/fr\/#organization"},"potentialAction":[{"@type":"SearchAction","target":{"@type":"EntryPoint","urlTemplate":"https:\/\/alliances-globalsolutions.com\/fr\/?s={search_term_string}"},"query-input":"required name=search_term_string"}],"inLanguage":"fr-FR"},{"@type":"WebPage","@id":"https:\/\/alliances-globalsolutions.com\/fr\/logistique-transport-ags\/#webpage","url":"https:\/\/alliances-globalsolutions.com\/fr\/logistique-transport-ags\/","name":"Logistique & Transport - AGS","isPartOf":{"@id":"https:\/\/alliances-globalsolutions.com\/fr\/#website"},"datePublished":"2021-01-18T13:16:15+00:00","dateModified":"2021-02-04T14:33:55+00:00","breadcrumb":{"@id":"https:\/\/alliances-globalsolutions.com\/fr\/logistique-transport-ags\/#breadcrumb"},"inLanguage":"fr-FR","potentialAction":[{"@type":"ReadAction","target":["https:\/\/alliances-globalsolutions.com\/fr\/logistique-transport-ags\/"]}]},{"@type":"BreadcrumbList","@id":"https:\/\/alliances-globalsolutions.com\/fr\/logistique-transport-ags\/#breadcrumb","itemListElement":[{"@type":"ListItem","position":1,"name":"Accueil","item":"https:\/\/alliances-globalsolutions.com\/fr\/"},{"@type":"ListItem","position":2,"name":"Logistique &#038; Transport"}]}]}},"_links":{"self":[{"href":"https:\/\/alliances-globalsolutions.com\/fr\/wp-json\/wp\/v2\/pages\/2351"}],"collection":[{"href":"https:\/\/alliances-globalsolutions.com\/fr\/wp-json\/wp\/v2\/pages"}],"about":[{"href":"https:\/\/alliances-globalsolutions.com\/fr\/wp-json\/wp\/v2\/types\/page"}],"author":[{"embeddable":true,"href":"https:\/\/alliances-globalsolutions.com\/fr\/wp-json\/wp\/v2\/users\/1"}],"replies":[{"embeddable":true,"href":"https:\/\/alliances-globalsolutions.com\/fr\/wp-json\/wp\/v2\/comments?post=2351"}],"version-history":[{"count":25,"href":"https:\/\/alliances-globalsolutions.com\/fr\/wp-json\/wp\/v2\/pages\/2351\/revisions"}],"predecessor-version":[{"id":2948,"href":"https:\/\/alliances-globalsolutions.com\/fr\/wp-json\/wp\/v2\/pages\/2351\/revisions\/2948"}],"wp:attachment":[{"href":"https:\/\/alliances-globalsolutions.com\/fr\/wp-json\/wp\/v2\/media?parent=2351"}],"curies":[{"name":"wp","href":"https:\/\/api.w.org\/{rel}","templated":true}]}}